{"id":1256,"date":"2021-08-23T18:14:45","date_gmt":"2021-08-23T16:14:45","guid":{"rendered":"https:\/\/www.camping-antiochedoleron.com\/aux-alentours\/"},"modified":"2023-12-18T22:55:50","modified_gmt":"2023-12-18T21:55:50","slug":"aux-alentours","status":"publish","type":"page","link":"https:\/\/www.camping-antiochedoleron.com\/en\/aux-alentours\/","title":{"rendered":"Tourism on the island of Ol\u00e9ron"},"content":{"rendered":"\n<p class=\"has-text-align-left\">Discover the essence of<strong> tourism on the Island d&#8217;Ol\u00e9ron<\/strong> from <strong>Campsite Antioche d&#8217;Ol\u00e9ron<\/strong>, an ideal base for exploring the riches of the region. Located on the north-eastern part of the island, our <strong><a href=\"https:\/\/www.camping-antiochedoleron.com\/en\/\">campsite on the <strong>Island <\/strong>d&#8217;Ol\u00e9ron<\/a><\/strong> is the perfect base for visiting seaside towns such as <strong>Saint-Pierre-d&#8217;Ol\u00e9ron<\/strong>, <strong>Saint-Denis d&#8217;Ol\u00e9ron<\/strong> and <strong>Saint-Georges d&#8217;Ol\u00e9ron<\/strong>. Take advantage of the proximity of our seaside campsite to discover the beaches on sunny days. Discover the local markets, offering an authentic insight into the culture of Ol\u00e9ron. Between nature walks and cultural discoveries, our <strong>campsite at La Br\u00e9e-les-Bains<\/strong> is the ideal place for those looking for an experience rich in discovery and relaxation on the <strong>Island <\/strong>d&#8217;Ol\u00e9ron.<\/p>\n","protected":false},"excerpt":{"rendered":"<p>Discover the essence of tourism on the Island d&#8217;Ol\u00e9ron from Campsite Antioche d&#8217;Ol\u00e9ron, an ideal base for exploring the riches of the region. Located on the north-eastern part of the island, our campsite on the Island d&#8217;Ol\u00e9ron is the perfect base for visiting seaside towns such as Saint-Pierre-d&#8217;Ol\u00e9ron, Saint-Denis d&#8217;Ol\u00e9ron and Saint-Georges d&#8217;Ol\u00e9ron. Take advantage [&hellip;]<\/p>\n","protected":false},"author":11,"featured_media":447,"parent":0,"menu_order":0,"comment_status":"closed","ping_status":"closed","template":"page-map.php","meta":[],"acf":[],"yoast_head":"<!-- This site is optimized with the Yoast SEO plugin v19.11 - https:\/\/yoast.com\/wordpress\/plugins\/seo\/ -->\n<title>Tourism Ile d&#039;Ol\u00e9ron | What to do in Ile d&#039;Ol\u00e9ron : Visits &amp; Activities<\/title>\n<meta name=\"description\" content=\"Discover our 3-star campsite on the Ile d&#039;Ol\u00e9ron and the many activities available near our seaside campsite.\" \/>\n<meta name=\"robots\" content=\"index, follow, max-snippet:-1, max-image-preview:large, max-video-preview:-1\" \/>\n<link rel=\"canonical\" href=\"https:\/\/www.camping-antiochedoleron.com\/en\/aux-alentours\/\" \/>\n<meta property=\"og:locale\" content=\"en_US\" \/>\n<meta property=\"og:type\" content=\"article\" \/>\n<meta property=\"og:title\" content=\"Tourism Ile d&#039;Ol\u00e9ron | What to do in Ile d&#039;Ol\u00e9ron : Visits &amp; Activities\" \/>\n<meta property=\"og:description\" content=\"Discover our 3-star campsite on the Ile d&#039;Ol\u00e9ron and the many activities available near our seaside campsite.\" \/>\n<meta property=\"og:url\" content=\"https:\/\/www.camping-antiochedoleron.com\/en\/aux-alentours\/\" \/>\n<meta property=\"og:site_name\" content=\"Antioche d&#039;Ol\u00e9ron\" \/>\n<meta property=\"article:modified_time\" content=\"2023-12-18T21:55:50+00:00\" \/>\n<meta property=\"og:image\" content=\"https:\/\/www.camping-antiochedoleron.com\/wp-content\/uploads\/2021\/09\/photo-634879978913946332-266.jpeg\" \/>\n\t<meta property=\"og:image:width\" content=\"929\" \/>\n\t<meta property=\"og:image:height\" content=\"620\" \/>\n\t<meta property=\"og:image:type\" content=\"image\/jpeg\" \/>\n<meta name=\"twitter:card\" content=\"summary_large_image\" \/>\n<meta name=\"twitter:label1\" content=\"Est. reading time\" \/>\n\t<meta name=\"twitter:data1\" content=\"1 minute\" \/>\n<script type=\"application\/ld+json\" class=\"yoast-schema-graph\">{\"@context\":\"https:\/\/schema.org\",\"@graph\":[{\"@type\":\"WebPage\",\"@id\":\"https:\/\/www.camping-antiochedoleron.com\/en\/aux-alentours\/\",\"url\":\"https:\/\/www.camping-antiochedoleron.com\/en\/aux-alentours\/\",\"name\":\"Tourism Ile d'Ol\u00e9ron | What to do in Ile d'Ol\u00e9ron : Visits & Activities\",\"isPartOf\":{\"@id\":\"https:\/\/www.camping-antiochedoleron.com\/#website\"},\"datePublished\":\"2021-08-23T16:14:45+00:00\",\"dateModified\":\"2023-12-18T21:55:50+00:00\",\"description\":\"Discover our 3-star campsite on the Ile d'Ol\u00e9ron and the many activities available near our seaside campsite.\",\"breadcrumb\":{\"@id\":\"https:\/\/www.camping-antiochedoleron.com\/en\/aux-alentours\/#breadcrumb\"},\"inLanguage\":\"en-US\",\"potentialAction\":[{\"@type\":\"ReadAction\",\"target\":[\"https:\/\/www.camping-antiochedoleron.com\/en\/aux-alentours\/\"]}]},{\"@type\":\"BreadcrumbList\",\"@id\":\"https:\/\/www.camping-antiochedoleron.com\/en\/aux-alentours\/#breadcrumb\",\"itemListElement\":[{\"@type\":\"ListItem\",\"position\":1,\"name\":\"CAMPING \u00ceLE D\u2019OL\u00c9RON\",\"item\":\"https:\/\/www.camping-antiochedoleron.com\/en\/\"},{\"@type\":\"ListItem\",\"position\":2,\"name\":\"Tourism on the Ile d'Ol\u00e9ron\"}]},{\"@type\":\"WebSite\",\"@id\":\"https:\/\/www.camping-antiochedoleron.com\/#website\",\"url\":\"https:\/\/www.camping-antiochedoleron.com\/\",\"name\":\"Antioche d&#039;Ol\u00e9ron\",\"description\":\"\",\"inLanguage\":\"en-US\"}]}<\/script>\n<!-- \/ Yoast SEO plugin. -->","yoast_head_json":{"title":"Tourism Ile d'Ol\u00e9ron | What to do in Ile d'Ol\u00e9ron : Visits & Activities","description":"Discover our 3-star campsite on the Ile d'Ol\u00e9ron and the many activities available near our seaside campsite.","robots":{"index":"index","follow":"follow","max-snippet":"max-snippet:-1","max-image-preview":"max-image-preview:large","max-video-preview":"max-video-preview:-1"},"canonical":"https:\/\/www.camping-antiochedoleron.com\/en\/aux-alentours\/","og_locale":"en_US","og_type":"article","og_title":"Tourism Ile d'Ol\u00e9ron | What to do in Ile d'Ol\u00e9ron : Visits & Activities","og_description":"Discover our 3-star campsite on the Ile d'Ol\u00e9ron and the many activities available near our seaside campsite.","og_url":"https:\/\/www.camping-antiochedoleron.com\/en\/aux-alentours\/","og_site_name":"Antioche d&#039;Ol\u00e9ron","article_modified_time":"2023-12-18T21:55:50+00:00","og_image":[{"width":929,"height":620,"url":"https:\/\/www.camping-antiochedoleron.com\/wp-content\/uploads\/2021\/09\/photo-634879978913946332-266.jpeg","type":"image\/jpeg"}],"twitter_card":"summary_large_image","twitter_misc":{"Est. reading time":"1 minute"},"schema":{"@context":"https:\/\/schema.org","@graph":[{"@type":"WebPage","@id":"https:\/\/www.camping-antiochedoleron.com\/en\/aux-alentours\/","url":"https:\/\/www.camping-antiochedoleron.com\/en\/aux-alentours\/","name":"Tourism Ile d'Ol\u00e9ron | What to do in Ile d'Ol\u00e9ron : Visits & Activities","isPartOf":{"@id":"https:\/\/www.camping-antiochedoleron.com\/#website"},"datePublished":"2021-08-23T16:14:45+00:00","dateModified":"2023-12-18T21:55:50+00:00","description":"Discover our 3-star campsite on the Ile d'Ol\u00e9ron and the many activities available near our seaside campsite.","breadcrumb":{"@id":"https:\/\/www.camping-antiochedoleron.com\/en\/aux-alentours\/#breadcrumb"},"inLanguage":"en-US","potentialAction":[{"@type":"ReadAction","target":["https:\/\/www.camping-antiochedoleron.com\/en\/aux-alentours\/"]}]},{"@type":"BreadcrumbList","@id":"https:\/\/www.camping-antiochedoleron.com\/en\/aux-alentours\/#breadcrumb","itemListElement":[{"@type":"ListItem","position":1,"name":"CAMPING \u00ceLE D\u2019OL\u00c9RON","item":"https:\/\/www.camping-antiochedoleron.com\/en\/"},{"@type":"ListItem","position":2,"name":"Tourism on the Ile d'Ol\u00e9ron"}]},{"@type":"WebSite","@id":"https:\/\/www.camping-antiochedoleron.com\/#website","url":"https:\/\/www.camping-antiochedoleron.com\/","name":"Antioche d&#039;Ol\u00e9ron","description":"","inLanguage":"en-US"}]}},"_links":{"self":[{"href":"https:\/\/www.camping-antiochedoleron.com\/en\/wp-json\/wp\/v2\/pages\/1256"}],"collection":[{"href":"https:\/\/www.camping-antiochedoleron.com\/en\/wp-json\/wp\/v2\/pages"}],"about":[{"href":"https:\/\/www.camping-antiochedoleron.com\/en\/wp-json\/wp\/v2\/types\/page"}],"author":[{"embeddable":true,"href":"https:\/\/www.camping-antiochedoleron.com\/en\/wp-json\/wp\/v2\/users\/11"}],"replies":[{"embeddable":true,"href":"https:\/\/www.camping-antiochedoleron.com\/en\/wp-json\/wp\/v2\/comments?post=1256"}],"version-history":[{"count":6,"href":"https:\/\/www.camping-antiochedoleron.com\/en\/wp-json\/wp\/v2\/pages\/1256\/revisions"}],"predecessor-version":[{"id":2474,"href":"https:\/\/www.camping-antiochedoleron.com\/en\/wp-json\/wp\/v2\/pages\/1256\/revisions\/2474"}],"wp:featuredmedia":[{"embeddable":true,"href":"https:\/\/www.camping-antiochedoleron.com\/en\/wp-json\/wp\/v2\/media\/447"}],"wp:attachment":[{"href":"https:\/\/www.camping-antiochedoleron.com\/en\/wp-json\/wp\/v2\/media?parent=1256"}],"curies":[{"name":"wp","href":"https:\/\/api.w.org\/{rel}","templated":true}]}}