{"id":1240,"date":"2021-08-24T10:35:47","date_gmt":"2021-08-24T08:35:47","guid":{"rendered":"https:\/\/www.camping-antiochedoleron.com\/votre-location-de-velo-sur-l-ile-doleron\/"},"modified":"2022-08-03T12:11:59","modified_gmt":"2022-08-03T10:11:59","slug":"votre-location-de-velo-sur-l-ile-doleron","status":"publish","type":"page","link":"https:\/\/www.camping-antiochedoleron.com\/en\/votre-location-de-velo-sur-l-ile-doleron\/","title":{"rendered":"Your bike rental on the island of Oleron"},"content":{"rendered":"\n<p class=\"has-text-align-center\">Discover the magnificent landscapes of the Ile d&#8217;Ol\u00e9ron, for unique moments with your family<\/p>\n","protected":false},"excerpt":{"rendered":"<p>Discover the magnificent landscapes of the Ile d&#8217;Ol\u00e9ron, for unique moments with your family<\/p>\n","protected":false},"author":11,"featured_media":1241,"parent":0,"menu_order":0,"comment_status":"closed","ping_status":"closed","template":"","meta":[],"acf":[],"yoast_head":"<!-- This site is optimized with the Yoast SEO plugin v19.11 - https:\/\/yoast.com\/wordpress\/plugins\/seo\/ -->\n<title>Bike rental on the Ile D&#039;Ol\u00e9ron | Camping 3* Antioche D&#039;Ol\u00e9ron<\/title>\n<meta name=\"description\" content=\"Looking for a bike rental on Oleron Island ? Stay at the 3* Antioche d&#039;Ol\u00e9ron campsite and explore the island of Ol\u00e9ron with your family.\" \/>\n<meta name=\"robots\" content=\"index, follow, max-snippet:-1, max-image-preview:large, max-video-preview:-1\" \/>\n<link rel=\"canonical\" href=\"https:\/\/www.camping-antiochedoleron.com\/en\/votre-location-de-velo-sur-l-ile-doleron\/\" \/>\n<meta property=\"og:locale\" content=\"en_US\" \/>\n<meta property=\"og:type\" content=\"article\" \/>\n<meta property=\"og:title\" content=\"Bike rental on the Ile D&#039;Ol\u00e9ron | Camping 3* Antioche D&#039;Ol\u00e9ron\" \/>\n<meta property=\"og:description\" content=\"Looking for a bike rental on Oleron Island ? Stay at the 3* Antioche d&#039;Ol\u00e9ron campsite and explore the island of Ol\u00e9ron with your family.\" \/>\n<meta property=\"og:url\" content=\"https:\/\/www.camping-antiochedoleron.com\/en\/votre-location-de-velo-sur-l-ile-doleron\/\" \/>\n<meta property=\"og:site_name\" content=\"Antioche d&#039;Ol\u00e9ron\" \/>\n<meta property=\"article:modified_time\" content=\"2022-08-03T10:11:59+00:00\" \/>\n<meta property=\"og:image\" content=\"https:\/\/www.camping-antiochedoleron.com\/wp-content\/uploads\/2022\/05\/france-1049333_1920.jpg\" \/>\n\t<meta property=\"og:image:width\" content=\"1920\" \/>\n\t<meta property=\"og:image:height\" content=\"1280\" \/>\n\t<meta property=\"og:image:type\" content=\"image\/jpeg\" \/>\n<meta name=\"twitter:card\" content=\"summary_large_image\" \/>\n<meta name=\"twitter:label1\" content=\"Est. reading time\" \/>\n\t<meta name=\"twitter:data1\" content=\"1 minute\" \/>\n<script type=\"application\/ld+json\" class=\"yoast-schema-graph\">{\"@context\":\"https:\/\/schema.org\",\"@graph\":[{\"@type\":\"WebPage\",\"@id\":\"https:\/\/www.camping-antiochedoleron.com\/en\/votre-location-de-velo-sur-l-ile-doleron\/\",\"url\":\"https:\/\/www.camping-antiochedoleron.com\/en\/votre-location-de-velo-sur-l-ile-doleron\/\",\"name\":\"Bike rental on the Ile D'Ol\u00e9ron | Camping 3* Antioche D'Ol\u00e9ron\",\"isPartOf\":{\"@id\":\"https:\/\/www.camping-antiochedoleron.com\/#website\"},\"datePublished\":\"2021-08-24T08:35:47+00:00\",\"dateModified\":\"2022-08-03T10:11:59+00:00\",\"description\":\"Looking for a bike rental on Oleron Island ? Stay at the 3* Antioche d'Ol\u00e9ron campsite and explore the island of Ol\u00e9ron with your family.\",\"breadcrumb\":{\"@id\":\"https:\/\/www.camping-antiochedoleron.com\/en\/votre-location-de-velo-sur-l-ile-doleron\/#breadcrumb\"},\"inLanguage\":\"en-US\",\"potentialAction\":[{\"@type\":\"ReadAction\",\"target\":[\"https:\/\/www.camping-antiochedoleron.com\/en\/votre-location-de-velo-sur-l-ile-doleron\/\"]}]},{\"@type\":\"BreadcrumbList\",\"@id\":\"https:\/\/www.camping-antiochedoleron.com\/en\/votre-location-de-velo-sur-l-ile-doleron\/#breadcrumb\",\"itemListElement\":[{\"@type\":\"ListItem\",\"position\":1,\"name\":\"CAMPING \u00ceLE D\u2019OL\u00c9RON\",\"item\":\"https:\/\/www.camping-antiochedoleron.com\/en\/\"},{\"@type\":\"ListItem\",\"position\":2,\"name\":\"Your bike rental on the island of Oleron\"}]},{\"@type\":\"WebSite\",\"@id\":\"https:\/\/www.camping-antiochedoleron.com\/#website\",\"url\":\"https:\/\/www.camping-antiochedoleron.com\/\",\"name\":\"Antioche d&#039;Ol\u00e9ron\",\"description\":\"\",\"inLanguage\":\"en-US\"}]}<\/script>\n<!-- \/ Yoast SEO plugin. -->","yoast_head_json":{"title":"Bike rental on the Ile D'Ol\u00e9ron | Camping 3* Antioche D'Ol\u00e9ron","description":"Looking for a bike rental on Oleron Island ? Stay at the 3* Antioche d'Ol\u00e9ron campsite and explore the island of Ol\u00e9ron with your family.","robots":{"index":"index","follow":"follow","max-snippet":"max-snippet:-1","max-image-preview":"max-image-preview:large","max-video-preview":"max-video-preview:-1"},"canonical":"https:\/\/www.camping-antiochedoleron.com\/en\/votre-location-de-velo-sur-l-ile-doleron\/","og_locale":"en_US","og_type":"article","og_title":"Bike rental on the Ile D'Ol\u00e9ron | Camping 3* Antioche D'Ol\u00e9ron","og_description":"Looking for a bike rental on Oleron Island ? Stay at the 3* Antioche d'Ol\u00e9ron campsite and explore the island of Ol\u00e9ron with your family.","og_url":"https:\/\/www.camping-antiochedoleron.com\/en\/votre-location-de-velo-sur-l-ile-doleron\/","og_site_name":"Antioche d&#039;Ol\u00e9ron","article_modified_time":"2022-08-03T10:11:59+00:00","og_image":[{"width":1920,"height":1280,"url":"https:\/\/www.camping-antiochedoleron.com\/wp-content\/uploads\/2022\/05\/france-1049333_1920.jpg","type":"image\/jpeg"}],"twitter_card":"summary_large_image","twitter_misc":{"Est. reading time":"1 minute"},"schema":{"@context":"https:\/\/schema.org","@graph":[{"@type":"WebPage","@id":"https:\/\/www.camping-antiochedoleron.com\/en\/votre-location-de-velo-sur-l-ile-doleron\/","url":"https:\/\/www.camping-antiochedoleron.com\/en\/votre-location-de-velo-sur-l-ile-doleron\/","name":"Bike rental on the Ile D'Ol\u00e9ron | Camping 3* Antioche D'Ol\u00e9ron","isPartOf":{"@id":"https:\/\/www.camping-antiochedoleron.com\/#website"},"datePublished":"2021-08-24T08:35:47+00:00","dateModified":"2022-08-03T10:11:59+00:00","description":"Looking for a bike rental on Oleron Island ? Stay at the 3* Antioche d'Ol\u00e9ron campsite and explore the island of Ol\u00e9ron with your family.","breadcrumb":{"@id":"https:\/\/www.camping-antiochedoleron.com\/en\/votre-location-de-velo-sur-l-ile-doleron\/#breadcrumb"},"inLanguage":"en-US","potentialAction":[{"@type":"ReadAction","target":["https:\/\/www.camping-antiochedoleron.com\/en\/votre-location-de-velo-sur-l-ile-doleron\/"]}]},{"@type":"BreadcrumbList","@id":"https:\/\/www.camping-antiochedoleron.com\/en\/votre-location-de-velo-sur-l-ile-doleron\/#breadcrumb","itemListElement":[{"@type":"ListItem","position":1,"name":"CAMPING \u00ceLE D\u2019OL\u00c9RON","item":"https:\/\/www.camping-antiochedoleron.com\/en\/"},{"@type":"ListItem","position":2,"name":"Your bike rental on the island of Oleron"}]},{"@type":"WebSite","@id":"https:\/\/www.camping-antiochedoleron.com\/#website","url":"https:\/\/www.camping-antiochedoleron.com\/","name":"Antioche d&#039;Ol\u00e9ron","description":"","inLanguage":"en-US"}]}},"_links":{"self":[{"href":"https:\/\/www.camping-antiochedoleron.com\/en\/wp-json\/wp\/v2\/pages\/1240"}],"collection":[{"href":"https:\/\/www.camping-antiochedoleron.com\/en\/wp-json\/wp\/v2\/pages"}],"about":[{"href":"https:\/\/www.camping-antiochedoleron.com\/en\/wp-json\/wp\/v2\/types\/page"}],"author":[{"embeddable":true,"href":"https:\/\/www.camping-antiochedoleron.com\/en\/wp-json\/wp\/v2\/users\/11"}],"replies":[{"embeddable":true,"href":"https:\/\/www.camping-antiochedoleron.com\/en\/wp-json\/wp\/v2\/comments?post=1240"}],"version-history":[{"count":5,"href":"https:\/\/www.camping-antiochedoleron.com\/en\/wp-json\/wp\/v2\/pages\/1240\/revisions"}],"predecessor-version":[{"id":1601,"href":"https:\/\/www.camping-antiochedoleron.com\/en\/wp-json\/wp\/v2\/pages\/1240\/revisions\/1601"}],"wp:featuredmedia":[{"embeddable":true,"href":"https:\/\/www.camping-antiochedoleron.com\/en\/wp-json\/wp\/v2\/media\/1241"}],"wp:attachment":[{"href":"https:\/\/www.camping-antiochedoleron.com\/en\/wp-json\/wp\/v2\/media?parent=1240"}],"curies":[{"name":"wp","href":"https:\/\/api.w.org\/{rel}","templated":true}]}}