{"id":1228,"date":"2022-02-02T12:00:54","date_gmt":"2022-02-02T11:00:54","guid":{"rendered":"https:\/\/www.camping-antiochedoleron.com\/contact\/"},"modified":"2023-12-20T16:27:41","modified_gmt":"2023-12-20T15:27:41","slug":"contact","status":"publish","type":"page","link":"https:\/\/www.camping-antiochedoleron.com\/en\/contact\/","title":{"rendered":"Contact our campsite on the Ile d&#8217;Ol\u00e9ron"},"content":{"rendered":"\n<p class=\"has-text-align-left\">If you have any questions or require information about your stay at <strong>Campsite Antioche d&#8217;Ol\u00e9ron<\/strong>, our team is at your service. Simply fill in the contact form below, giving your details. We promise to get back to you quickly, to help you plan your holiday at our <strong><a href=\"https:\/\/www.camping-antiochedoleron.com\/en\/\">Campsite on the Ile d&#8217;Ol\u00e9ron<\/a><\/strong>. Your adventure begins here, in the heart of <strong>Charente-Maritime<\/strong> !<\/p>\n\n\n\n\n\n<!-- Plune Contact Form -->\n<div class=\"row\">\n  \n  <div class=\"col-12\">\n    <form method=\"post\" action=\"\/en\/wp-json\/wp\/v2\/pages\/1228\" id=\"form-contact\">\n      <div class=\"row\">\n        <div class=\"col-md-6 col-input\">\n          <input id=\"lastname\" class=\"req \" type=\"text\" value=\"\" placeholder=\"Name\" name=\"lastname\" minlength=\"2\" required=\"required\" aria-required=\"true\">\n          <div class=\"error-notice\">Text too short.<\/div>\n        <\/div>\n        <div class=\"col-md-6 col-input\">\n          <input id=\"firstname\" class=\"req \" type=\"text\" value=\"\" placeholder=\"First name\" name=\"firstname\" minlength=\"2\" required=\"required\" aria-required=\"true\">\n          <div class=\"error-notice\">Text too short.<\/div>\n        <\/div>\n      <\/div>\n\n      <div class=\"row\">\n        <div class=\"col-md-6 col-input\">\n          <input id=\"email\" class=\"req \" type=\"email\" value=\"\" placeholder=\"Email\" name=\"email\" required=\"required\" aria-required=\"true\">\n          <div class=\"error-notice\">Wrong email format.<\/div>\n        <\/div>\n        <div class=\"col-md-6 col-input\">\n          <input id=\"tel\" class=\"req \" type=\"tel\" value=\"\" placeholder=\"Phone\" name=\"phone\" required=\"required\" aria-required=\"true\" minlength=\"10\" maxlength=\"15\">\n          <div class=\"error-notice\">Wrong phone format.<\/div>\n        <\/div>\n        <div class=\"col-md-6 col-input col-input--nickname\">\n          <input id=\"nickname\" class=\"req-nickname\" type=\"text\" value=\"\" placeholder=\"Nickname\" name=\"nickname\" autocomplete=\"off\">\n          <div class=\"error-notice\">Text too short.<\/div>\n        <\/div>\n      <\/div>\n\n      <div class=\"row\">\n        <div class=\"col-md-12 col-input\">\n          <textarea id=\"message\" class=\"req \" rows=\"5\" name=\"message\" minlength=\"5\" placeholder=\"Message\" required=\"required\" aria-required=\"true\"><\/textarea>\n          <div class=\"error-notice\">Text too short.<\/div>\n        <\/div>\n      <\/div>\n\n      <div class=\"row\">\n        <div class=\"col-12 d-flex justify-content-center\">\n          <input type=\"hidden\" id=\"nonce-contact\" name=\"nonce-contact\" value=\"f6035a98f5\" \/><input type=\"hidden\" name=\"_wp_http_referer\" value=\"\/en\/wp-json\/wp\/v2\/pages\/1228\" \/>          <input name=\"action\" type=\"hidden\" value=\"contactFormXHR\" \/>\n          <button class=\"button button--small button--border g-recaptcha\" id=\"submit_contact\" data-sitekey=\"6LcqPlIeAAAAAB-qHl0DOS72qUfAIl8o0zP4awyl\" data-callback='onSubmit' data-action='submit'>To send<\/button>\n        <\/div>\n      <\/div>\n      <div id=\"form-contact-message\"><\/div>\n    <\/form>\n  <\/div>\n<\/div>\n<script>\n  function onSubmit(token) {\n    document.getElementById(\"form-contact\").submit();\n  }\n<\/script>\n<!-- End Plune Contact Form -->\n\n\n\n<p class=\"has-text-align-left\"><strong>Campsite Antioche d&#8217;Ol\u00e9ron<\/strong> is open from 29\/03\/2024 to 30\/09\/2024<\/p>\n\n\n\n<p class=\"has-text-align-left\">The aquatic area and restaurant are open from the beginning of April to the end of September.<br>Reception welcomes you :<br>April, May, June and September: daily from 9.30am to 12.30pm and from 2pm to 6pm<br>July and August: daily from 9am to 1pm and from 2pm to 7pm<br>A telephone service is available when the campsite is closed, from 10am to 12pm and from 2pm to 4pm, Monday to Friday.<\/p>\n\n\n\n<p class=\"has-text-align-center\">See you soon at the <strong>Antioche d&#8217;Ol\u00e9ron Campsite<\/strong> !<\/p>\n","protected":false},"excerpt":{"rendered":"<p>If you have any questions or require information about your stay at Campsite Antioche d&#8217;Ol\u00e9ron, our team is at your service. Simply fill in the contact form below, giving your details. We promise to get back to you quickly, to help you plan your holiday at our Campsite on the Ile d&#8217;Ol\u00e9ron. Your adventure begins [&hellip;]<\/p>\n","protected":false},"author":11,"featured_media":384,"parent":0,"menu_order":0,"comment_status":"closed","ping_status":"closed","template":"","meta":[],"acf":[],"yoast_head":"<!-- This site is optimized with the Yoast SEO plugin v19.11 - https:\/\/yoast.com\/wordpress\/plugins\/seo\/ -->\n<title>Contact Campsite Ile d&#039;Ol\u00e9ron | Campsite Antioche d&#039;Ol\u00e9ron<\/title>\n<meta name=\"description\" content=\"Need information about Campsite Antioche d&#039;Ol\u00e9ron ? Fill in the contact form for our campsite on the Ile d&#039;Ol\u00e9ron.\" \/>\n<meta name=\"robots\" content=\"index, follow, max-snippet:-1, max-image-preview:large, max-video-preview:-1\" \/>\n<link rel=\"canonical\" href=\"https:\/\/www.camping-antiochedoleron.com\/en\/contact\/\" \/>\n<meta property=\"og:locale\" content=\"en_US\" \/>\n<meta property=\"og:type\" content=\"article\" \/>\n<meta property=\"og:title\" content=\"Contact Campsite Ile d&#039;Ol\u00e9ron | Campsite Antioche d&#039;Ol\u00e9ron\" \/>\n<meta property=\"og:description\" content=\"Need information about Campsite Antioche d&#039;Ol\u00e9ron ? Fill in the contact form for our campsite on the Ile d&#039;Ol\u00e9ron.\" \/>\n<meta property=\"og:url\" content=\"https:\/\/www.camping-antiochedoleron.com\/en\/contact\/\" \/>\n<meta property=\"og:site_name\" content=\"Antioche d&#039;Ol\u00e9ron\" \/>\n<meta property=\"article:modified_time\" content=\"2023-12-20T15:27:41+00:00\" \/>\n<meta property=\"og:image\" content=\"https:\/\/www.camping-antiochedoleron.com\/wp-content\/uploads\/2021\/09\/JER_8522-scaled.jpg\" \/>\n\t<meta property=\"og:image:width\" content=\"2560\" \/>\n\t<meta property=\"og:image:height\" content=\"1707\" \/>\n\t<meta property=\"og:image:type\" content=\"image\/jpeg\" \/>\n<meta name=\"twitter:card\" content=\"summary_large_image\" \/>\n<meta name=\"twitter:label1\" content=\"Est. reading time\" \/>\n\t<meta name=\"twitter:data1\" content=\"1 minute\" \/>\n<script type=\"application\/ld+json\" class=\"yoast-schema-graph\">{\"@context\":\"https:\/\/schema.org\",\"@graph\":[{\"@type\":\"WebPage\",\"@id\":\"https:\/\/www.camping-antiochedoleron.com\/en\/contact\/\",\"url\":\"https:\/\/www.camping-antiochedoleron.com\/en\/contact\/\",\"name\":\"Contact Campsite Ile d'Ol\u00e9ron | Campsite Antioche d'Ol\u00e9ron\",\"isPartOf\":{\"@id\":\"https:\/\/www.camping-antiochedoleron.com\/#website\"},\"datePublished\":\"2022-02-02T11:00:54+00:00\",\"dateModified\":\"2023-12-20T15:27:41+00:00\",\"description\":\"Need information about Campsite Antioche d'Ol\u00e9ron ? Fill in the contact form for our campsite on the Ile d'Ol\u00e9ron.\",\"breadcrumb\":{\"@id\":\"https:\/\/www.camping-antiochedoleron.com\/en\/contact\/#breadcrumb\"},\"inLanguage\":\"en-US\",\"potentialAction\":[{\"@type\":\"ReadAction\",\"target\":[\"https:\/\/www.camping-antiochedoleron.com\/en\/contact\/\"]}]},{\"@type\":\"BreadcrumbList\",\"@id\":\"https:\/\/www.camping-antiochedoleron.com\/en\/contact\/#breadcrumb\",\"itemListElement\":[{\"@type\":\"ListItem\",\"position\":1,\"name\":\"CAMPING \u00ceLE D\u2019OL\u00c9RON\",\"item\":\"https:\/\/www.camping-antiochedoleron.com\/en\/\"},{\"@type\":\"ListItem\",\"position\":2,\"name\":\"Contact\"}]},{\"@type\":\"WebSite\",\"@id\":\"https:\/\/www.camping-antiochedoleron.com\/#website\",\"url\":\"https:\/\/www.camping-antiochedoleron.com\/\",\"name\":\"Antioche d&#039;Ol\u00e9ron\",\"description\":\"\",\"inLanguage\":\"en-US\"}]}<\/script>\n<!-- \/ Yoast SEO plugin. -->","yoast_head_json":{"title":"Contact Campsite Ile d'Ol\u00e9ron | Campsite Antioche d'Ol\u00e9ron","description":"Need information about Campsite Antioche d'Ol\u00e9ron ? Fill in the contact form for our campsite on the Ile d'Ol\u00e9ron.","robots":{"index":"index","follow":"follow","max-snippet":"max-snippet:-1","max-image-preview":"max-image-preview:large","max-video-preview":"max-video-preview:-1"},"canonical":"https:\/\/www.camping-antiochedoleron.com\/en\/contact\/","og_locale":"en_US","og_type":"article","og_title":"Contact Campsite Ile d'Ol\u00e9ron | Campsite Antioche d'Ol\u00e9ron","og_description":"Need information about Campsite Antioche d'Ol\u00e9ron ? Fill in the contact form for our campsite on the Ile d'Ol\u00e9ron.","og_url":"https:\/\/www.camping-antiochedoleron.com\/en\/contact\/","og_site_name":"Antioche d&#039;Ol\u00e9ron","article_modified_time":"2023-12-20T15:27:41+00:00","og_image":[{"width":2560,"height":1707,"url":"https:\/\/www.camping-antiochedoleron.com\/wp-content\/uploads\/2021\/09\/JER_8522-scaled.jpg","type":"image\/jpeg"}],"twitter_card":"summary_large_image","twitter_misc":{"Est. reading time":"1 minute"},"schema":{"@context":"https:\/\/schema.org","@graph":[{"@type":"WebPage","@id":"https:\/\/www.camping-antiochedoleron.com\/en\/contact\/","url":"https:\/\/www.camping-antiochedoleron.com\/en\/contact\/","name":"Contact Campsite Ile d'Ol\u00e9ron | Campsite Antioche d'Ol\u00e9ron","isPartOf":{"@id":"https:\/\/www.camping-antiochedoleron.com\/#website"},"datePublished":"2022-02-02T11:00:54+00:00","dateModified":"2023-12-20T15:27:41+00:00","description":"Need information about Campsite Antioche d'Ol\u00e9ron ? Fill in the contact form for our campsite on the Ile d'Ol\u00e9ron.","breadcrumb":{"@id":"https:\/\/www.camping-antiochedoleron.com\/en\/contact\/#breadcrumb"},"inLanguage":"en-US","potentialAction":[{"@type":"ReadAction","target":["https:\/\/www.camping-antiochedoleron.com\/en\/contact\/"]}]},{"@type":"BreadcrumbList","@id":"https:\/\/www.camping-antiochedoleron.com\/en\/contact\/#breadcrumb","itemListElement":[{"@type":"ListItem","position":1,"name":"CAMPING \u00ceLE D\u2019OL\u00c9RON","item":"https:\/\/www.camping-antiochedoleron.com\/en\/"},{"@type":"ListItem","position":2,"name":"Contact"}]},{"@type":"WebSite","@id":"https:\/\/www.camping-antiochedoleron.com\/#website","url":"https:\/\/www.camping-antiochedoleron.com\/","name":"Antioche d&#039;Ol\u00e9ron","description":"","inLanguage":"en-US"}]}},"_links":{"self":[{"href":"https:\/\/www.camping-antiochedoleron.com\/en\/wp-json\/wp\/v2\/pages\/1228"}],"collection":[{"href":"https:\/\/www.camping-antiochedoleron.com\/en\/wp-json\/wp\/v2\/pages"}],"about":[{"href":"https:\/\/www.camping-antiochedoleron.com\/en\/wp-json\/wp\/v2\/types\/page"}],"author":[{"embeddable":true,"href":"https:\/\/www.camping-antiochedoleron.com\/en\/wp-json\/wp\/v2\/users\/11"}],"replies":[{"embeddable":true,"href":"https:\/\/www.camping-antiochedoleron.com\/en\/wp-json\/wp\/v2\/comments?post=1228"}],"version-history":[{"count":5,"href":"https:\/\/www.camping-antiochedoleron.com\/en\/wp-json\/wp\/v2\/pages\/1228\/revisions"}],"predecessor-version":[{"id":2562,"href":"https:\/\/www.camping-antiochedoleron.com\/en\/wp-json\/wp\/v2\/pages\/1228\/revisions\/2562"}],"wp:featuredmedia":[{"embeddable":true,"href":"https:\/\/www.camping-antiochedoleron.com\/en\/wp-json\/wp\/v2\/media\/384"}],"wp:attachment":[{"href":"https:\/\/www.camping-antiochedoleron.com\/en\/wp-json\/wp\/v2\/media?parent=1228"}],"curies":[{"name":"wp","href":"https:\/\/api.w.org\/{rel}","templated":true}]}}