{"id":3602,"date":"2025-04-07T10:25:38","date_gmt":"2025-04-07T08:25:38","guid":{"rendered":"https:\/\/www.camping-antiochedoleron.com\/rechtliche-hinweise\/"},"modified":"2025-04-07T10:25:39","modified_gmt":"2025-04-07T08:25:39","slug":"rechtliche-hinweise","status":"publish","type":"page","link":"https:\/\/www.camping-antiochedoleron.com\/de\/rechtliche-hinweise\/","title":{"rendered":"Rechtliche Hinweise"},"content":{"rendered":"\n<h2 class=\"has-text-align-left\">Identit\u00e4t<\/h2>\n\n<p class=\"has-text-align-left\">Name der Website: <strong>Camping Antioche d&#8217;Ol\u00e9ron<\/strong><br\/>Adresse: https:\/\/www.camping-antiochedoleron.com\/<br\/>Eigent\u00fcmerin: <strong>C\u00e9cile PETIT<\/strong><br\/>Verantwortlich f\u00fcr die Ver\u00f6ffentlichung: <strong>Camping Antioche d&#8217;Ol\u00e9ron<\/strong><br\/>Design und Umsetzung: <strong>Horizon Marketing<\/strong><br\/>Animation:<strong> Camping Antioche d&#8217;Ol\u00e9ron<\/strong><br\/>Hosting: <strong>Infomaniak<\/strong><\/p>\n\n<h2 class=\"has-text-align-left\">Juristische Person<\/h2>\n\n<p class=\"has-text-align-left\">SAS ANTIOCHE D&#8217;OLERON mit einem Grundkapital von 204.000 \u20ac &#8211; RCS La Rochelle: 387 874 783 000 16 &#8211; Adresse: 16 route des Proires &#8211; 17840 La Br\u00e9e les Bains &#8211; Telefon: 05 46 47 92 00 &#8211; Mail: info@camping-antiochedoleron.com<\/p>\n\n<h2 class=\"has-text-align-left\">Nutzungsbedingungen<\/h2>\n\n<p class=\"has-text-align-left\">Die Nutzung dieser Website setzt die vollst\u00e4ndige und uneingeschr\u00e4nkte Annahme der nachstehend beschriebenen allgemeinen Nutzungsbedingungen voraus. Diese Nutzungsbedingungen k\u00f6nnen jederzeit ge\u00e4ndert oder erg\u00e4nzt werden. <\/p>\n\n<h2 class=\"has-text-align-left\">Informationen<\/h2>\n\n<p class=\"has-text-align-left\">Die Informationen und Dokumente auf der Website dienen der Information, sind nicht ersch\u00f6pfend und k\u00f6nnen nicht zur Verantwortung gezogen werden.<\/p>\n\n<p class=\"has-text-align-left\">Der Eigent\u00fcmer der Website haftet nicht f\u00fcr direkte oder indirekte Sch\u00e4den, die sich aus dem Zugriff auf die Website ergeben.<\/p>\n\n<h2 class=\"has-text-align-left\">Interaktivit\u00e4t<\/h2>\n\n<p class=\"has-text-align-left\">Die Nutzer der Website k\u00f6nnen Inhalte hinterlegen, die auf der Website in daf\u00fcr vorgesehenen Bereichen erscheinen (insbesondere \u00fcber das Kontaktformular). Die Verantwortung f\u00fcr den Inhalt liegt bei den Autoren, die die volle rechtliche Verantwortung daf\u00fcr \u00fcbernehmen. <\/p>\n\n<p class=\"has-text-align-left\">Der Eigent\u00fcmer der Website beh\u00e4lt sich jedoch das Recht vor, von Nutzern eingereichte Inhalte, die nicht den ethischen Richtlinien der Website oder den geltenden Gesetzen entsprechen, ohne Vorank\u00fcndigung und ohne Begr\u00fcndung zu entfernen.<\/p>\n\n<h2 class=\"has-text-align-left\">Geistiges Eigentum<\/h2>\n\n<p class=\"has-text-align-left\">Sofern nicht anders angegeben, sind alle auf der Website zug\u00e4nglichen Elemente (Texte, Bilder, Grafiken, Logos, Icons, T\u00f6ne, Software usw.) das ausschlie\u00dfliche Eigentum ihrer Autoren, was die Rechte am geistigen Eigentum oder die Nutzungsrechte betrifft.<\/p>\n\n<p class=\"has-text-align-left\">Die Vervielf\u00e4ltigung, Darstellung, \u00c4nderung, Ver\u00f6ffentlichung und Anpassung aller oder eines Teils der Elemente der Website, unabh\u00e4ngig von den verwendeten Mitteln oder Verfahren, ist ohne vorherige schriftliche Genehmigung des Autors untersagt.<\/p>\n\n<p class=\"has-text-align-left\">Jede nicht genehmigte Nutzung der Website oder eines ihrer Elemente gilt als F\u00e4lschung und wird strafrechtlich verfolgt.<\/p>\n\n<p class=\"has-text-align-left\">Die auf der Website abgebildeten Marken und Logos sind von den Unternehmen registriert, die ihre Eigent\u00fcmer sind.<\/p>\n\n<h2 class=\"has-text-align-left\">Links<\/h2>\n\n<p class=\"has-text-align-left\"><strong>Ausgehende Links<\/strong><\/p>\n\n<p class=\"has-text-align-left\">Der Eigent\u00fcmer der Website lehnt jede Haftung ab und ist nicht verpflichtet, \u00fcber Hypertext-Links auf Ressourcen Dritter im Internet zu verweisen, sowohl in Bezug auf deren Inhalt als auch auf deren Relevanz.<\/p>\n\n<p class=\"has-text-align-left\"><strong>Eingehende Links<\/strong><\/p>\n\n<p class=\"has-text-align-left\">Der Eigent\u00fcmer der Website gestattet Hypertext-Links zu einer der Seiten dieser Website, sofern diese ein neues Fenster \u00f6ffnen und unmissverst\u00e4ndlich dargestellt werden, um zu verhindern, dass :<\/p>\n\n<ul>\n<li>jegliche Verwechslungsgefahr zwischen der zitierenden Website und dem Eigent\u00fcmer der Website<\/li>\n\n\n\n<li>sowie jede tendenzi\u00f6se oder gegen das geltende Recht versto\u00dfende Darstellung.<\/li>\n<\/ul>\n\n<p class=\"has-text-align-left\">Der Eigent\u00fcmer der Website beh\u00e4lt sich das Recht vor, die Entfernung eines Links zu verlangen, wenn er der Ansicht ist, dass die Quellsite die hier festgelegten Regeln nicht einh\u00e4lt.<\/p>\n\n<h2 class=\"has-text-align-left\">Datenschutz<\/h2>\n\n<p class=\"has-text-align-left\">Jeder Nutzer hat das Recht auf Zugang, Berichtigung und Widerspruch zu den ihn betreffenden pers\u00f6nlichen Daten, indem er einen schriftlichen und unterschriebenen Antrag zusammen mit einem Identit\u00e4tsnachweis stellt.<\/p>\n\n<p class=\"has-text-align-left\">Bei Fragen wenden Sie sich bitte an die Beschwerdeabteilung: <strong><a href=\"mailto:info@camping-antiochedoleron.com\">info@camping-antiochedoleron.com<\/a><\/strong><\/p>\n\n<h2 class=\"has-text-align-left\">Ombudsmann f\u00fcr Verbraucherfragen<\/h2>\n\n<p class=\"has-text-align-left\">Gem\u00e4\u00df Artikel L 612-1 des Verbraucherschutzgesetzes hat jeder Kunde des Campingplatzes das Recht, sich kostenlos an einen Verbraucherschlichter zu wenden, um einen Streitfall mit dem Betreiber des Platzes g\u00fctlich beizulegen.<\/p>\n\n<p class=\"has-text-align-left\">Die Kontaktdaten des Verbraucher-Ombudsmannes, an den sich der Kunde wenden kann, sind wie folgt:<\/p>\n\n<p class=\"has-text-align-left\"><strong>&lt;  &#8218;Name&#8216;.  &gt;<\/strong><\/p>\n\n<p class=\"has-text-align-left\"><strong>&lt;  Adresse&#8216;.  &gt;<\/strong><\/p>\n\n<p class=\"has-text-align-left\"><strong>&lt;  tel + Standort&#8216;.  &gt;<\/strong><\/p>\n\n<p class=\"has-text-align-left\">Die Plattform zur Beilegung von Streitigkeiten: <a href=\"https:\/\/ec.europa.eu\/consumers\/odr\/main\/index.cfm?event=main.home2.show&amp;lng=FR\">https:\/\/ec.europa.eu\/consumers\/odr\/main\/index.cfm?event=main.home2.show&amp;lng=FR<\/a><\/p>\n\n<h2 class=\"has-text-align-left\">Kredite<\/h2>\n\n<p class=\"has-text-align-left\">Campingplatz Antioche d&#8217;Ol\u00e9ron, Adobe Stock f\u00fcr die Umgebung.<\/p>\n","protected":false},"excerpt":{"rendered":"<p>Identit\u00e4t Name der Website: Camping Antioche d&#8217;Ol\u00e9ronAdresse: https:\/\/www.camping-antiochedoleron.com\/Eigent\u00fcmerin: C\u00e9cile PETITVerantwortlich f\u00fcr die Ver\u00f6ffentlichung: Camping Antioche d&#8217;Ol\u00e9ronDesign und Umsetzung: Horizon MarketingAnimation: Camping Antioche d&#8217;Ol\u00e9ronHosting: Infomaniak Juristische Person SAS ANTIOCHE D&#8217;OLERON mit einem Grundkapital von 204.000 \u20ac &#8211; RCS La Rochelle: 387 874 783 000 16 &#8211; Adresse: 16 route des Proires &#8211; 17840 La Br\u00e9e les [&hellip;]<\/p>\n","protected":false},"author":11,"featured_media":0,"parent":0,"menu_order":0,"comment_status":"closed","ping_status":"closed","template":"","meta":[],"acf":[],"yoast_head":"<!-- This site is optimized with the Yoast SEO plugin v19.11 - https:\/\/yoast.com\/wordpress\/plugins\/seo\/ -->\n<title>Rechtliche Hinweise | Antioche d&#039;Ol\u00e9ron<\/title>\n<meta name=\"robots\" content=\"index, follow, max-snippet:-1, max-image-preview:large, max-video-preview:-1\" \/>\n<link rel=\"canonical\" href=\"https:\/\/www.camping-antiochedoleron.com\/de\/rechtliche-hinweise\/\" \/>\n<meta property=\"og:locale\" content=\"de_DE\" \/>\n<meta property=\"og:type\" content=\"article\" \/>\n<meta property=\"og:title\" content=\"Rechtliche Hinweise | Antioche d&#039;Ol\u00e9ron\" \/>\n<meta property=\"og:description\" content=\"Identit\u00e4t Name der Website: Camping Antioche d&#8217;Ol\u00e9ronAdresse: https:\/\/www.camping-antiochedoleron.com\/Eigent\u00fcmerin: C\u00e9cile PETITVerantwortlich f\u00fcr die Ver\u00f6ffentlichung: Camping Antioche d&#8217;Ol\u00e9ronDesign und Umsetzung: Horizon MarketingAnimation: Camping Antioche d&#8217;Ol\u00e9ronHosting: Infomaniak Juristische Person SAS ANTIOCHE D&#8217;OLERON mit einem Grundkapital von 204.000 \u20ac &#8211; RCS La Rochelle: 387 874 783 000 16 &#8211; Adresse: 16 route des Proires &#8211; 17840 La Br\u00e9e les [&hellip;]\" \/>\n<meta property=\"og:url\" content=\"https:\/\/www.camping-antiochedoleron.com\/de\/rechtliche-hinweise\/\" \/>\n<meta property=\"og:site_name\" content=\"Antioche d&#039;Ol\u00e9ron\" \/>\n<meta property=\"article:modified_time\" content=\"2025-04-07T08:25:39+00:00\" \/>\n<meta name=\"twitter:card\" content=\"summary_large_image\" \/>\n<meta name=\"twitter:label1\" content=\"Est. reading time\" \/>\n\t<meta name=\"twitter:data1\" content=\"3 Minuten\" \/>\n<script type=\"application\/ld+json\" class=\"yoast-schema-graph\">{\"@context\":\"https:\/\/schema.org\",\"@graph\":[{\"@type\":\"WebPage\",\"@id\":\"https:\/\/www.camping-antiochedoleron.com\/de\/rechtliche-hinweise\/\",\"url\":\"https:\/\/www.camping-antiochedoleron.com\/de\/rechtliche-hinweise\/\",\"name\":\"Rechtliche Hinweise | Antioche d&#039;Ol\u00e9ron\",\"isPartOf\":{\"@id\":\"https:\/\/www.camping-antiochedoleron.com\/#website\"},\"datePublished\":\"2025-04-07T08:25:38+00:00\",\"dateModified\":\"2025-04-07T08:25:39+00:00\",\"breadcrumb\":{\"@id\":\"https:\/\/www.camping-antiochedoleron.com\/de\/rechtliche-hinweise\/#breadcrumb\"},\"inLanguage\":\"de-DE\",\"potentialAction\":[{\"@type\":\"ReadAction\",\"target\":[\"https:\/\/www.camping-antiochedoleron.com\/de\/rechtliche-hinweise\/\"]}]},{\"@type\":\"BreadcrumbList\",\"@id\":\"https:\/\/www.camping-antiochedoleron.com\/de\/rechtliche-hinweise\/#breadcrumb\",\"itemListElement\":[{\"@type\":\"ListItem\",\"position\":1,\"name\":\"CAMPING \u00ceLE D\u2019OL\u00c9RON\",\"item\":\"https:\/\/www.camping-antiochedoleron.com\/de\/\"},{\"@type\":\"ListItem\",\"position\":2,\"name\":\"Rechtliche Hinweise\"}]},{\"@type\":\"WebSite\",\"@id\":\"https:\/\/www.camping-antiochedoleron.com\/#website\",\"url\":\"https:\/\/www.camping-antiochedoleron.com\/\",\"name\":\"Antioche d&#039;Ol\u00e9ron\",\"description\":\"\",\"inLanguage\":\"de-DE\"}]}<\/script>\n<!-- \/ Yoast SEO plugin. -->","yoast_head_json":{"title":"Rechtliche Hinweise | Antioche d&#039;Ol\u00e9ron","robots":{"index":"index","follow":"follow","max-snippet":"max-snippet:-1","max-image-preview":"max-image-preview:large","max-video-preview":"max-video-preview:-1"},"canonical":"https:\/\/www.camping-antiochedoleron.com\/de\/rechtliche-hinweise\/","og_locale":"de_DE","og_type":"article","og_title":"Rechtliche Hinweise | Antioche d&#039;Ol\u00e9ron","og_description":"Identit\u00e4t Name der Website: Camping Antioche d&#8217;Ol\u00e9ronAdresse: https:\/\/www.camping-antiochedoleron.com\/Eigent\u00fcmerin: C\u00e9cile PETITVerantwortlich f\u00fcr die Ver\u00f6ffentlichung: Camping Antioche d&#8217;Ol\u00e9ronDesign und Umsetzung: Horizon MarketingAnimation: Camping Antioche d&#8217;Ol\u00e9ronHosting: Infomaniak Juristische Person SAS ANTIOCHE D&#8217;OLERON mit einem Grundkapital von 204.000 \u20ac &#8211; RCS La Rochelle: 387 874 783 000 16 &#8211; Adresse: 16 route des Proires &#8211; 17840 La Br\u00e9e les [&hellip;]","og_url":"https:\/\/www.camping-antiochedoleron.com\/de\/rechtliche-hinweise\/","og_site_name":"Antioche d&#039;Ol\u00e9ron","article_modified_time":"2025-04-07T08:25:39+00:00","twitter_card":"summary_large_image","twitter_misc":{"Est. reading time":"3 Minuten"},"schema":{"@context":"https:\/\/schema.org","@graph":[{"@type":"WebPage","@id":"https:\/\/www.camping-antiochedoleron.com\/de\/rechtliche-hinweise\/","url":"https:\/\/www.camping-antiochedoleron.com\/de\/rechtliche-hinweise\/","name":"Rechtliche Hinweise | Antioche d&#039;Ol\u00e9ron","isPartOf":{"@id":"https:\/\/www.camping-antiochedoleron.com\/#website"},"datePublished":"2025-04-07T08:25:38+00:00","dateModified":"2025-04-07T08:25:39+00:00","breadcrumb":{"@id":"https:\/\/www.camping-antiochedoleron.com\/de\/rechtliche-hinweise\/#breadcrumb"},"inLanguage":"de-DE","potentialAction":[{"@type":"ReadAction","target":["https:\/\/www.camping-antiochedoleron.com\/de\/rechtliche-hinweise\/"]}]},{"@type":"BreadcrumbList","@id":"https:\/\/www.camping-antiochedoleron.com\/de\/rechtliche-hinweise\/#breadcrumb","itemListElement":[{"@type":"ListItem","position":1,"name":"CAMPING \u00ceLE D\u2019OL\u00c9RON","item":"https:\/\/www.camping-antiochedoleron.com\/de\/"},{"@type":"ListItem","position":2,"name":"Rechtliche Hinweise"}]},{"@type":"WebSite","@id":"https:\/\/www.camping-antiochedoleron.com\/#website","url":"https:\/\/www.camping-antiochedoleron.com\/","name":"Antioche d&#039;Ol\u00e9ron","description":"","inLanguage":"de-DE"}]}},"_links":{"self":[{"href":"https:\/\/www.camping-antiochedoleron.com\/de\/wp-json\/wp\/v2\/pages\/3602"}],"collection":[{"href":"https:\/\/www.camping-antiochedoleron.com\/de\/wp-json\/wp\/v2\/pages"}],"about":[{"href":"https:\/\/www.camping-antiochedoleron.com\/de\/wp-json\/wp\/v2\/types\/page"}],"author":[{"embeddable":true,"href":"https:\/\/www.camping-antiochedoleron.com\/de\/wp-json\/wp\/v2\/users\/11"}],"replies":[{"embeddable":true,"href":"https:\/\/www.camping-antiochedoleron.com\/de\/wp-json\/wp\/v2\/comments?post=3602"}],"version-history":[{"count":1,"href":"https:\/\/www.camping-antiochedoleron.com\/de\/wp-json\/wp\/v2\/pages\/3602\/revisions"}],"predecessor-version":[{"id":3603,"href":"https:\/\/www.camping-antiochedoleron.com\/de\/wp-json\/wp\/v2\/pages\/3602\/revisions\/3603"}],"wp:attachment":[{"href":"https:\/\/www.camping-antiochedoleron.com\/de\/wp-json\/wp\/v2\/media?parent=3602"}],"curies":[{"name":"wp","href":"https:\/\/api.w.org\/{rel}","templated":true}]}}