{"id":3230,"date":"2024-12-20T12:59:28","date_gmt":"2024-12-20T11:59:28","guid":{"rendered":"https:\/\/www.camping-antiochedoleron.com\/campingplatz-auf-der-insel-oleron-direkt-am-meer\/"},"modified":"2024-12-20T12:59:28","modified_gmt":"2024-12-20T11:59:28","slug":"campingplatz-auf-der-insel-oleron-direkt-am-meer","status":"publish","type":"page","link":"https:\/\/www.camping-antiochedoleron.com\/de\/campingplatz-auf-der-insel-oleron-direkt-am-meer\/","title":{"rendered":"Campingplatz auf der Insel Ol\u00e9ron direkt am Meer"},"content":{"rendered":"","protected":false},"excerpt":{"rendered":"","protected":false},"author":11,"featured_media":3152,"parent":0,"menu_order":0,"comment_status":"closed","ping_status":"closed","template":"","meta":[],"acf":[],"yoast_head":"<!-- This site is optimized with the Yoast SEO plugin v19.11 - https:\/\/yoast.com\/wordpress\/plugins\/seo\/ -->\n<title>Campingplatz Insel Ol\u00e9ron am Meer | Campingplatz 150m von den Str\u00e4nden von Ol\u00e9ron entfernt<\/title>\n<meta name=\"description\" content=\"Entdecken Sie den Campingplatz Antioche d&#039;Ol\u00e9ron: ein 3-Sterne-Campingplatz am Meer mit direktem Zugang zu den Str\u00e4nden, beheiztem Schwimmbad und Animationen.\" \/>\n<meta name=\"robots\" content=\"index, follow, max-snippet:-1, max-image-preview:large, max-video-preview:-1\" \/>\n<link rel=\"canonical\" href=\"https:\/\/www.camping-antiochedoleron.com\/de\/campingplatz-auf-der-insel-oleron-direkt-am-meer\/\" \/>\n<meta property=\"og:locale\" content=\"de_DE\" \/>\n<meta property=\"og:type\" content=\"article\" \/>\n<meta property=\"og:title\" content=\"Campingplatz Insel Ol\u00e9ron am Meer | Campingplatz 150m von den Str\u00e4nden von Ol\u00e9ron entfernt\" \/>\n<meta property=\"og:description\" content=\"Entdecken Sie den Campingplatz Antioche d&#039;Ol\u00e9ron: ein 3-Sterne-Campingplatz am Meer mit direktem Zugang zu den Str\u00e4nden, beheiztem Schwimmbad und Animationen.\" \/>\n<meta property=\"og:url\" content=\"https:\/\/www.camping-antiochedoleron.com\/de\/campingplatz-auf-der-insel-oleron-direkt-am-meer\/\" \/>\n<meta property=\"og:site_name\" content=\"Antioche d&#039;Ol\u00e9ron\" \/>\n<meta property=\"og:image\" content=\"https:\/\/www.camping-antiochedoleron.com\/wp-content\/uploads\/2024\/09\/PLAGES-ILE-OLERON-scaled.webp\" \/>\n\t<meta property=\"og:image:width\" content=\"2560\" \/>\n\t<meta property=\"og:image:height\" content=\"1708\" \/>\n\t<meta property=\"og:image:type\" content=\"image\/webp\" \/>\n<meta name=\"twitter:card\" content=\"summary_large_image\" \/>\n<script type=\"application\/ld+json\" class=\"yoast-schema-graph\">{\"@context\":\"https:\/\/schema.org\",\"@graph\":[{\"@type\":\"WebPage\",\"@id\":\"https:\/\/www.camping-antiochedoleron.com\/de\/campingplatz-auf-der-insel-oleron-direkt-am-meer\/\",\"url\":\"https:\/\/www.camping-antiochedoleron.com\/de\/campingplatz-auf-der-insel-oleron-direkt-am-meer\/\",\"name\":\"Campingplatz Insel Ol\u00e9ron am Meer | Campingplatz 150m von den Str\u00e4nden von Ol\u00e9ron entfernt\",\"isPartOf\":{\"@id\":\"https:\/\/www.camping-antiochedoleron.com\/#website\"},\"datePublished\":\"2024-12-20T11:59:28+00:00\",\"dateModified\":\"2024-12-20T11:59:28+00:00\",\"description\":\"Entdecken Sie den Campingplatz Antioche d'Ol\u00e9ron: ein 3-Sterne-Campingplatz am Meer mit direktem Zugang zu den Str\u00e4nden, beheiztem Schwimmbad und Animationen.\",\"breadcrumb\":{\"@id\":\"https:\/\/www.camping-antiochedoleron.com\/de\/campingplatz-auf-der-insel-oleron-direkt-am-meer\/#breadcrumb\"},\"inLanguage\":\"de-DE\",\"potentialAction\":[{\"@type\":\"ReadAction\",\"target\":[\"https:\/\/www.camping-antiochedoleron.com\/de\/campingplatz-auf-der-insel-oleron-direkt-am-meer\/\"]}]},{\"@type\":\"BreadcrumbList\",\"@id\":\"https:\/\/www.camping-antiochedoleron.com\/de\/campingplatz-auf-der-insel-oleron-direkt-am-meer\/#breadcrumb\",\"itemListElement\":[{\"@type\":\"ListItem\",\"position\":1,\"name\":\"CAMPING \u00ceLE D\u2019OL\u00c9RON\",\"item\":\"https:\/\/www.camping-antiochedoleron.com\/de\/\"},{\"@type\":\"ListItem\",\"position\":2,\"name\":\"Campingplatz auf der Insel Ol\u00e9ron direkt am Meer\"}]},{\"@type\":\"WebSite\",\"@id\":\"https:\/\/www.camping-antiochedoleron.com\/#website\",\"url\":\"https:\/\/www.camping-antiochedoleron.com\/\",\"name\":\"Antioche d&#039;Ol\u00e9ron\",\"description\":\"\",\"inLanguage\":\"de-DE\"}]}<\/script>\n<!-- \/ Yoast SEO plugin. -->","yoast_head_json":{"title":"Campingplatz Insel Ol\u00e9ron am Meer | Campingplatz 150m von den Str\u00e4nden von Ol\u00e9ron entfernt","description":"Entdecken Sie den Campingplatz Antioche d'Ol\u00e9ron: ein 3-Sterne-Campingplatz am Meer mit direktem Zugang zu den Str\u00e4nden, beheiztem Schwimmbad und Animationen.","robots":{"index":"index","follow":"follow","max-snippet":"max-snippet:-1","max-image-preview":"max-image-preview:large","max-video-preview":"max-video-preview:-1"},"canonical":"https:\/\/www.camping-antiochedoleron.com\/de\/campingplatz-auf-der-insel-oleron-direkt-am-meer\/","og_locale":"de_DE","og_type":"article","og_title":"Campingplatz Insel Ol\u00e9ron am Meer | Campingplatz 150m von den Str\u00e4nden von Ol\u00e9ron entfernt","og_description":"Entdecken Sie den Campingplatz Antioche d'Ol\u00e9ron: ein 3-Sterne-Campingplatz am Meer mit direktem Zugang zu den Str\u00e4nden, beheiztem Schwimmbad und Animationen.","og_url":"https:\/\/www.camping-antiochedoleron.com\/de\/campingplatz-auf-der-insel-oleron-direkt-am-meer\/","og_site_name":"Antioche d&#039;Ol\u00e9ron","og_image":[{"width":2560,"height":1708,"url":"https:\/\/www.camping-antiochedoleron.com\/wp-content\/uploads\/2024\/09\/PLAGES-ILE-OLERON-scaled.webp","type":"image\/webp"}],"twitter_card":"summary_large_image","schema":{"@context":"https:\/\/schema.org","@graph":[{"@type":"WebPage","@id":"https:\/\/www.camping-antiochedoleron.com\/de\/campingplatz-auf-der-insel-oleron-direkt-am-meer\/","url":"https:\/\/www.camping-antiochedoleron.com\/de\/campingplatz-auf-der-insel-oleron-direkt-am-meer\/","name":"Campingplatz Insel Ol\u00e9ron am Meer | Campingplatz 150m von den Str\u00e4nden von Ol\u00e9ron entfernt","isPartOf":{"@id":"https:\/\/www.camping-antiochedoleron.com\/#website"},"datePublished":"2024-12-20T11:59:28+00:00","dateModified":"2024-12-20T11:59:28+00:00","description":"Entdecken Sie den Campingplatz Antioche d'Ol\u00e9ron: ein 3-Sterne-Campingplatz am Meer mit direktem Zugang zu den Str\u00e4nden, beheiztem Schwimmbad und Animationen.","breadcrumb":{"@id":"https:\/\/www.camping-antiochedoleron.com\/de\/campingplatz-auf-der-insel-oleron-direkt-am-meer\/#breadcrumb"},"inLanguage":"de-DE","potentialAction":[{"@type":"ReadAction","target":["https:\/\/www.camping-antiochedoleron.com\/de\/campingplatz-auf-der-insel-oleron-direkt-am-meer\/"]}]},{"@type":"BreadcrumbList","@id":"https:\/\/www.camping-antiochedoleron.com\/de\/campingplatz-auf-der-insel-oleron-direkt-am-meer\/#breadcrumb","itemListElement":[{"@type":"ListItem","position":1,"name":"CAMPING \u00ceLE D\u2019OL\u00c9RON","item":"https:\/\/www.camping-antiochedoleron.com\/de\/"},{"@type":"ListItem","position":2,"name":"Campingplatz auf der Insel Ol\u00e9ron direkt am Meer"}]},{"@type":"WebSite","@id":"https:\/\/www.camping-antiochedoleron.com\/#website","url":"https:\/\/www.camping-antiochedoleron.com\/","name":"Antioche d&#039;Ol\u00e9ron","description":"","inLanguage":"de-DE"}]}},"_links":{"self":[{"href":"https:\/\/www.camping-antiochedoleron.com\/de\/wp-json\/wp\/v2\/pages\/3230"}],"collection":[{"href":"https:\/\/www.camping-antiochedoleron.com\/de\/wp-json\/wp\/v2\/pages"}],"about":[{"href":"https:\/\/www.camping-antiochedoleron.com\/de\/wp-json\/wp\/v2\/types\/page"}],"author":[{"embeddable":true,"href":"https:\/\/www.camping-antiochedoleron.com\/de\/wp-json\/wp\/v2\/users\/11"}],"replies":[{"embeddable":true,"href":"https:\/\/www.camping-antiochedoleron.com\/de\/wp-json\/wp\/v2\/comments?post=3230"}],"version-history":[{"count":0,"href":"https:\/\/www.camping-antiochedoleron.com\/de\/wp-json\/wp\/v2\/pages\/3230\/revisions"}],"wp:featuredmedia":[{"embeddable":true,"href":"https:\/\/www.camping-antiochedoleron.com\/de\/wp-json\/wp\/v2\/media\/3152"}],"wp:attachment":[{"href":"https:\/\/www.camping-antiochedoleron.com\/de\/wp-json\/wp\/v2\/media?parent=3230"}],"curies":[{"name":"wp","href":"https:\/\/api.w.org\/{rel}","templated":true}]}}