{"id":2397,"date":"2023-12-15T17:28:12","date_gmt":"2023-12-15T16:28:12","guid":{"rendered":"https:\/\/www.camping-antiochedoleron.com\/ihr-naechster-urlaub-auf-der-ile-doleron\/urlaub-auf-der-ile-doleron-fuer-paare\/"},"modified":"2023-12-18T23:03:43","modified_gmt":"2023-12-18T22:03:43","slug":"als-paar","status":"publish","type":"page","link":"https:\/\/www.camping-antiochedoleron.com\/de\/urlaub-ile-doleron\/als-paar\/","title":{"rendered":"Urlaub auf der \u00cele d&#8217;Ol\u00e9ron f\u00fcr Paare"},"content":{"rendered":"","protected":false},"excerpt":{"rendered":"","protected":false},"author":11,"featured_media":2368,"parent":2362,"menu_order":0,"comment_status":"closed","ping_status":"closed","template":"","meta":[],"acf":[],"yoast_head":"<!-- This site is optimized with the Yoast SEO plugin v19.11 - https:\/\/yoast.com\/wordpress\/plugins\/seo\/ -->\n<title>Urlaub \u00cele d&#039;Ol\u00e9ron f\u00fcr Paare | Aufenthalt zu zweit am Meer<\/title>\n<meta name=\"description\" content=\"Erkunden Sie die \u00cele d&#039;Ol\u00e9ron vom Campingplatz Antioche d&#039;Ol\u00e9ron aus, einem Paradies f\u00fcr Paare auf der Suche nach einer romantischen Auszeit am Meer.\" \/>\n<meta name=\"robots\" content=\"index, follow, max-snippet:-1, max-image-preview:large, max-video-preview:-1\" \/>\n<link rel=\"canonical\" href=\"https:\/\/www.camping-antiochedoleron.com\/de\/urlaub-ile-doleron\/als-paar\/\" \/>\n<meta property=\"og:locale\" content=\"de_DE\" \/>\n<meta property=\"og:type\" content=\"article\" \/>\n<meta property=\"og:title\" content=\"Urlaub \u00cele d&#039;Ol\u00e9ron f\u00fcr Paare | Aufenthalt zu zweit am Meer\" \/>\n<meta property=\"og:description\" content=\"Erkunden Sie die \u00cele d&#039;Ol\u00e9ron vom Campingplatz Antioche d&#039;Ol\u00e9ron aus, einem Paradies f\u00fcr Paare auf der Suche nach einer romantischen Auszeit am Meer.\" \/>\n<meta property=\"og:url\" content=\"https:\/\/www.camping-antiochedoleron.com\/de\/urlaub-ile-doleron\/als-paar\/\" \/>\n<meta property=\"og:site_name\" content=\"Antioche d&#039;Ol\u00e9ron\" \/>\n<meta property=\"article:modified_time\" content=\"2023-12-18T22:03:43+00:00\" \/>\n<meta property=\"og:image\" content=\"https:\/\/www.camping-antiochedoleron.com\/wp-content\/uploads\/2023\/12\/Vacances-ile-oleron-en-couple-scaled.jpeg\" \/>\n\t<meta property=\"og:image:width\" content=\"2560\" \/>\n\t<meta property=\"og:image:height\" content=\"1524\" \/>\n\t<meta property=\"og:image:type\" content=\"image\/jpeg\" \/>\n<meta name=\"twitter:card\" content=\"summary_large_image\" \/>\n<script type=\"application\/ld+json\" class=\"yoast-schema-graph\">{\"@context\":\"https:\/\/schema.org\",\"@graph\":[{\"@type\":\"WebPage\",\"@id\":\"https:\/\/www.camping-antiochedoleron.com\/de\/urlaub-ile-doleron\/als-paar\/\",\"url\":\"https:\/\/www.camping-antiochedoleron.com\/de\/urlaub-ile-doleron\/als-paar\/\",\"name\":\"Urlaub \u00cele d'Ol\u00e9ron f\u00fcr Paare | Aufenthalt zu zweit am Meer\",\"isPartOf\":{\"@id\":\"https:\/\/www.camping-antiochedoleron.com\/#website\"},\"datePublished\":\"2023-12-15T16:28:12+00:00\",\"dateModified\":\"2023-12-18T22:03:43+00:00\",\"description\":\"Erkunden Sie die \u00cele d'Ol\u00e9ron vom Campingplatz Antioche d'Ol\u00e9ron aus, einem Paradies f\u00fcr Paare auf der Suche nach einer romantischen Auszeit am Meer.\",\"breadcrumb\":{\"@id\":\"https:\/\/www.camping-antiochedoleron.com\/de\/urlaub-ile-doleron\/als-paar\/#breadcrumb\"},\"inLanguage\":\"de-DE\",\"potentialAction\":[{\"@type\":\"ReadAction\",\"target\":[\"https:\/\/www.camping-antiochedoleron.com\/de\/urlaub-ile-doleron\/als-paar\/\"]}]},{\"@type\":\"BreadcrumbList\",\"@id\":\"https:\/\/www.camping-antiochedoleron.com\/de\/urlaub-ile-doleron\/als-paar\/#breadcrumb\",\"itemListElement\":[{\"@type\":\"ListItem\",\"position\":1,\"name\":\"CAMPING \u00ceLE D\u2019OL\u00c9RON\",\"item\":\"https:\/\/www.camping-antiochedoleron.com\/de\/\"},{\"@type\":\"ListItem\",\"position\":2,\"name\":\"Urlaub auf der Insel Ol\u00e9ron\",\"item\":\"https:\/\/www.camping-antiochedoleron.com\/de\/urlaub-ile-doleron\/\"},{\"@type\":\"ListItem\",\"position\":3,\"name\":\"Urlaub auf der \u00cele d&#8217;Ol\u00e9ron f\u00fcr Paare\"}]},{\"@type\":\"WebSite\",\"@id\":\"https:\/\/www.camping-antiochedoleron.com\/#website\",\"url\":\"https:\/\/www.camping-antiochedoleron.com\/\",\"name\":\"Antioche d&#039;Ol\u00e9ron\",\"description\":\"\",\"inLanguage\":\"de-DE\"}]}<\/script>\n<!-- \/ Yoast SEO plugin. -->","yoast_head_json":{"title":"Urlaub \u00cele d'Ol\u00e9ron f\u00fcr Paare | Aufenthalt zu zweit am Meer","description":"Erkunden Sie die \u00cele d'Ol\u00e9ron vom Campingplatz Antioche d'Ol\u00e9ron aus, einem Paradies f\u00fcr Paare auf der Suche nach einer romantischen Auszeit am Meer.","robots":{"index":"index","follow":"follow","max-snippet":"max-snippet:-1","max-image-preview":"max-image-preview:large","max-video-preview":"max-video-preview:-1"},"canonical":"https:\/\/www.camping-antiochedoleron.com\/de\/urlaub-ile-doleron\/als-paar\/","og_locale":"de_DE","og_type":"article","og_title":"Urlaub \u00cele d'Ol\u00e9ron f\u00fcr Paare | Aufenthalt zu zweit am Meer","og_description":"Erkunden Sie die \u00cele d'Ol\u00e9ron vom Campingplatz Antioche d'Ol\u00e9ron aus, einem Paradies f\u00fcr Paare auf der Suche nach einer romantischen Auszeit am Meer.","og_url":"https:\/\/www.camping-antiochedoleron.com\/de\/urlaub-ile-doleron\/als-paar\/","og_site_name":"Antioche d&#039;Ol\u00e9ron","article_modified_time":"2023-12-18T22:03:43+00:00","og_image":[{"width":2560,"height":1524,"url":"https:\/\/www.camping-antiochedoleron.com\/wp-content\/uploads\/2023\/12\/Vacances-ile-oleron-en-couple-scaled.jpeg","type":"image\/jpeg"}],"twitter_card":"summary_large_image","schema":{"@context":"https:\/\/schema.org","@graph":[{"@type":"WebPage","@id":"https:\/\/www.camping-antiochedoleron.com\/de\/urlaub-ile-doleron\/als-paar\/","url":"https:\/\/www.camping-antiochedoleron.com\/de\/urlaub-ile-doleron\/als-paar\/","name":"Urlaub \u00cele d'Ol\u00e9ron f\u00fcr Paare | Aufenthalt zu zweit am Meer","isPartOf":{"@id":"https:\/\/www.camping-antiochedoleron.com\/#website"},"datePublished":"2023-12-15T16:28:12+00:00","dateModified":"2023-12-18T22:03:43+00:00","description":"Erkunden Sie die \u00cele d'Ol\u00e9ron vom Campingplatz Antioche d'Ol\u00e9ron aus, einem Paradies f\u00fcr Paare auf der Suche nach einer romantischen Auszeit am Meer.","breadcrumb":{"@id":"https:\/\/www.camping-antiochedoleron.com\/de\/urlaub-ile-doleron\/als-paar\/#breadcrumb"},"inLanguage":"de-DE","potentialAction":[{"@type":"ReadAction","target":["https:\/\/www.camping-antiochedoleron.com\/de\/urlaub-ile-doleron\/als-paar\/"]}]},{"@type":"BreadcrumbList","@id":"https:\/\/www.camping-antiochedoleron.com\/de\/urlaub-ile-doleron\/als-paar\/#breadcrumb","itemListElement":[{"@type":"ListItem","position":1,"name":"CAMPING \u00ceLE D\u2019OL\u00c9RON","item":"https:\/\/www.camping-antiochedoleron.com\/de\/"},{"@type":"ListItem","position":2,"name":"Urlaub auf der Insel Ol\u00e9ron","item":"https:\/\/www.camping-antiochedoleron.com\/de\/urlaub-ile-doleron\/"},{"@type":"ListItem","position":3,"name":"Urlaub auf der \u00cele d&#8217;Ol\u00e9ron f\u00fcr Paare"}]},{"@type":"WebSite","@id":"https:\/\/www.camping-antiochedoleron.com\/#website","url":"https:\/\/www.camping-antiochedoleron.com\/","name":"Antioche d&#039;Ol\u00e9ron","description":"","inLanguage":"de-DE"}]}},"_links":{"self":[{"href":"https:\/\/www.camping-antiochedoleron.com\/de\/wp-json\/wp\/v2\/pages\/2397"}],"collection":[{"href":"https:\/\/www.camping-antiochedoleron.com\/de\/wp-json\/wp\/v2\/pages"}],"about":[{"href":"https:\/\/www.camping-antiochedoleron.com\/de\/wp-json\/wp\/v2\/types\/page"}],"author":[{"embeddable":true,"href":"https:\/\/www.camping-antiochedoleron.com\/de\/wp-json\/wp\/v2\/users\/11"}],"replies":[{"embeddable":true,"href":"https:\/\/www.camping-antiochedoleron.com\/de\/wp-json\/wp\/v2\/comments?post=2397"}],"version-history":[{"count":1,"href":"https:\/\/www.camping-antiochedoleron.com\/de\/wp-json\/wp\/v2\/pages\/2397\/revisions"}],"predecessor-version":[{"id":2404,"href":"https:\/\/www.camping-antiochedoleron.com\/de\/wp-json\/wp\/v2\/pages\/2397\/revisions\/2404"}],"up":[{"embeddable":true,"href":"https:\/\/www.camping-antiochedoleron.com\/de\/wp-json\/wp\/v2\/pages\/2362"}],"wp:featuredmedia":[{"embeddable":true,"href":"https:\/\/www.camping-antiochedoleron.com\/de\/wp-json\/wp\/v2\/media\/2368"}],"wp:attachment":[{"href":"https:\/\/www.camping-antiochedoleron.com\/de\/wp-json\/wp\/v2\/media?parent=2397"}],"curies":[{"name":"wp","href":"https:\/\/api.w.org\/{rel}","templated":true}]}}