{"id":1903,"date":"2022-12-26T10:14:08","date_gmt":"2022-12-26T09:14:08","guid":{"rendered":"https:\/\/www.camping-antiochedoleron.com\/ihr-campingplatz-auf-video\/"},"modified":"2023-12-14T14:35:31","modified_gmt":"2023-12-14T13:35:31","slug":"ihr-campingplatz-auf-video","status":"publish","type":"page","link":"https:\/\/www.camping-antiochedoleron.com\/de\/ihr-campingplatz-auf-video\/","title":{"rendered":"Ihr Campingplatz auf Video"},"content":{"rendered":"","protected":false},"excerpt":{"rendered":"","protected":false},"author":11,"featured_media":0,"parent":0,"menu_order":0,"comment_status":"closed","ping_status":"closed","template":"","meta":[],"acf":[],"yoast_head":"\nSehen Sie sich das Video \u00fcber unseren Campingplatz auf der Insel Ol\u00e9ron an<\/title>\n<meta name=\"description\" content=\"Hier finden Sie Videos vom Campingplatz Antioche d'Ol\u00e9ron in La-Br\u00e9e-les-Bains. Unvergessliche Momente f\u00fcr Ihren Urlaub auf der Insel Ol\u00e9ron.\" \/>\n<meta name=\"robots\" content=\"index, follow, max-snippet:-1, max-image-preview:large, max-video-preview:-1\" \/>\n<link rel=\"canonical\" href=\"https:\/\/www.camping-antiochedoleron.com\/de\/ihr-campingplatz-auf-video\/\" \/>\n<meta property=\"og:locale\" content=\"de_DE\" \/>\n<meta property=\"og:type\" content=\"article\" \/>\n<meta property=\"og:title\" content=\"Sehen Sie sich das Video \u00fcber unseren Campingplatz auf der Insel Ol\u00e9ron an\" \/>\n<meta property=\"og:description\" content=\"Hier finden Sie Videos vom Campingplatz Antioche d'Ol\u00e9ron in La-Br\u00e9e-les-Bains. Unvergessliche Momente f\u00fcr Ihren Urlaub auf der Insel Ol\u00e9ron.\" \/>\n<meta property=\"og:url\" content=\"https:\/\/www.camping-antiochedoleron.com\/de\/ihr-campingplatz-auf-video\/\" \/>\n<meta property=\"og:site_name\" content=\"Antioche d'Ol\u00e9ron\" \/>\n<meta property=\"article:modified_time\" content=\"2023-12-14T13:35:31+00:00\" \/>\n<meta name=\"twitter:card\" content=\"summary_large_image\" \/>\n<script type=\"application\/ld+json\" class=\"yoast-schema-graph\">{\"@context\":\"https:\/\/schema.org\",\"@graph\":[{\"@type\":\"WebPage\",\"@id\":\"https:\/\/www.camping-antiochedoleron.com\/de\/ihr-campingplatz-auf-video\/\",\"url\":\"https:\/\/www.camping-antiochedoleron.com\/de\/ihr-campingplatz-auf-video\/\",\"name\":\"Sehen Sie sich das Video \u00fcber unseren Campingplatz auf der Insel Ol\u00e9ron an\",\"isPartOf\":{\"@id\":\"https:\/\/www.camping-antiochedoleron.com\/#website\"},\"datePublished\":\"2022-12-26T09:14:08+00:00\",\"dateModified\":\"2023-12-14T13:35:31+00:00\",\"description\":\"Hier finden Sie Videos vom Campingplatz Antioche d'Ol\u00e9ron in La-Br\u00e9e-les-Bains. Unvergessliche Momente f\u00fcr Ihren Urlaub auf der Insel Ol\u00e9ron.\",\"breadcrumb\":{\"@id\":\"https:\/\/www.camping-antiochedoleron.com\/de\/ihr-campingplatz-auf-video\/#breadcrumb\"},\"inLanguage\":\"de-DE\",\"potentialAction\":[{\"@type\":\"ReadAction\",\"target\":[\"https:\/\/www.camping-antiochedoleron.com\/de\/ihr-campingplatz-auf-video\/\"]}]},{\"@type\":\"BreadcrumbList\",\"@id\":\"https:\/\/www.camping-antiochedoleron.com\/de\/ihr-campingplatz-auf-video\/#breadcrumb\",\"itemListElement\":[{\"@type\":\"ListItem\",\"position\":1,\"name\":\"CAMPING \u00ceLE D\u2019OL\u00c9RON\",\"item\":\"https:\/\/www.camping-antiochedoleron.com\/de\/\"},{\"@type\":\"ListItem\",\"position\":2,\"name\":\"Ihr Campingplatz auf Video\"}]},{\"@type\":\"WebSite\",\"@id\":\"https:\/\/www.camping-antiochedoleron.com\/#website\",\"url\":\"https:\/\/www.camping-antiochedoleron.com\/\",\"name\":\"Antioche d'Ol\u00e9ron\",\"description\":\"\",\"inLanguage\":\"de-DE\"}]}<\/script>\n<!-- \/ Yoast SEO plugin. -->","yoast_head_json":{"title":"Sehen Sie sich das Video \u00fcber unseren Campingplatz auf der Insel Ol\u00e9ron an","description":"Hier finden Sie Videos vom Campingplatz Antioche d'Ol\u00e9ron in La-Br\u00e9e-les-Bains. Unvergessliche Momente f\u00fcr Ihren Urlaub auf der Insel Ol\u00e9ron.","robots":{"index":"index","follow":"follow","max-snippet":"max-snippet:-1","max-image-preview":"max-image-preview:large","max-video-preview":"max-video-preview:-1"},"canonical":"https:\/\/www.camping-antiochedoleron.com\/de\/ihr-campingplatz-auf-video\/","og_locale":"de_DE","og_type":"article","og_title":"Sehen Sie sich das Video \u00fcber unseren Campingplatz auf der Insel Ol\u00e9ron an","og_description":"Hier finden Sie Videos vom Campingplatz Antioche d'Ol\u00e9ron in La-Br\u00e9e-les-Bains. Unvergessliche Momente f\u00fcr Ihren Urlaub auf der Insel Ol\u00e9ron.","og_url":"https:\/\/www.camping-antiochedoleron.com\/de\/ihr-campingplatz-auf-video\/","og_site_name":"Antioche d'Ol\u00e9ron","article_modified_time":"2023-12-14T13:35:31+00:00","twitter_card":"summary_large_image","schema":{"@context":"https:\/\/schema.org","@graph":[{"@type":"WebPage","@id":"https:\/\/www.camping-antiochedoleron.com\/de\/ihr-campingplatz-auf-video\/","url":"https:\/\/www.camping-antiochedoleron.com\/de\/ihr-campingplatz-auf-video\/","name":"Sehen Sie sich das Video \u00fcber unseren Campingplatz auf der Insel Ol\u00e9ron an","isPartOf":{"@id":"https:\/\/www.camping-antiochedoleron.com\/#website"},"datePublished":"2022-12-26T09:14:08+00:00","dateModified":"2023-12-14T13:35:31+00:00","description":"Hier finden Sie Videos vom Campingplatz Antioche d'Ol\u00e9ron in La-Br\u00e9e-les-Bains. Unvergessliche Momente f\u00fcr Ihren Urlaub auf der Insel Ol\u00e9ron.","breadcrumb":{"@id":"https:\/\/www.camping-antiochedoleron.com\/de\/ihr-campingplatz-auf-video\/#breadcrumb"},"inLanguage":"de-DE","potentialAction":[{"@type":"ReadAction","target":["https:\/\/www.camping-antiochedoleron.com\/de\/ihr-campingplatz-auf-video\/"]}]},{"@type":"BreadcrumbList","@id":"https:\/\/www.camping-antiochedoleron.com\/de\/ihr-campingplatz-auf-video\/#breadcrumb","itemListElement":[{"@type":"ListItem","position":1,"name":"CAMPING \u00ceLE D\u2019OL\u00c9RON","item":"https:\/\/www.camping-antiochedoleron.com\/de\/"},{"@type":"ListItem","position":2,"name":"Ihr Campingplatz auf Video"}]},{"@type":"WebSite","@id":"https:\/\/www.camping-antiochedoleron.com\/#website","url":"https:\/\/www.camping-antiochedoleron.com\/","name":"Antioche d'Ol\u00e9ron","description":"","inLanguage":"de-DE"}]}},"_links":{"self":[{"href":"https:\/\/www.camping-antiochedoleron.com\/de\/wp-json\/wp\/v2\/pages\/1903"}],"collection":[{"href":"https:\/\/www.camping-antiochedoleron.com\/de\/wp-json\/wp\/v2\/pages"}],"about":[{"href":"https:\/\/www.camping-antiochedoleron.com\/de\/wp-json\/wp\/v2\/types\/page"}],"author":[{"embeddable":true,"href":"https:\/\/www.camping-antiochedoleron.com\/de\/wp-json\/wp\/v2\/users\/11"}],"replies":[{"embeddable":true,"href":"https:\/\/www.camping-antiochedoleron.com\/de\/wp-json\/wp\/v2\/comments?post=1903"}],"version-history":[{"count":1,"href":"https:\/\/www.camping-antiochedoleron.com\/de\/wp-json\/wp\/v2\/pages\/1903\/revisions"}],"predecessor-version":[{"id":2267,"href":"https:\/\/www.camping-antiochedoleron.com\/de\/wp-json\/wp\/v2\/pages\/1903\/revisions\/2267"}],"wp:attachment":[{"href":"https:\/\/www.camping-antiochedoleron.com\/de\/wp-json\/wp\/v2\/media?parent=1903"}],"curies":[{"name":"wp","href":"https:\/\/api.w.org\/{rel}","templated":true}]}}