{"id":1893,"date":"2022-12-06T22:15:07","date_gmt":"2022-12-06T21:15:07","guid":{"rendered":"https:\/\/www.camping-antiochedoleron.com\/faq\/"},"modified":"2023-12-20T17:27:52","modified_gmt":"2023-12-20T16:27:52","slug":"faq","status":"publish","type":"page","link":"https:\/\/www.camping-antiochedoleron.com\/de\/faq\/","title":{"rendered":"FAQ unseres Campingplatzes auf der \u00cele d&#8217;Ol\u00e9ron"},"content":{"rendered":"\n<p class=\"has-text-align-left\">Willkommen auf der FAQ-Seite unseres <strong><a href=\"https:\/\/www.camping-antiochedoleron.com\/de\/\">Campingplatzes auf der \u00cele d&#8217;Ol\u00e9ron<\/a><\/strong>. Hier beantworten wir alle Ihre Fragen, um Ihnen einen unvergesslichen Aufenthalt auf dem <strong>Campingplatz Antioche d&#8217;Ol\u00e9ron<\/strong> zu garantieren.<\/p>\n\n\n\n<p class=\"has-text-align-left\">Unser Campingplatz am Meer ist der perfekte Ort f\u00fcr einen Urlaub mit der Familie, mit dem Partner oder mit Freunden. Egal, ob Sie Stammgast sind oder zum ersten Mal den <strong>Charme der Insel Ol\u00e9ron<\/strong> entdecken, unsere FAQs sind darauf ausgelegt, Ihnen alle Informationen zu liefern, die Sie f\u00fcr einen gelungenen Aufenthalt ben\u00f6tigen.<\/p>\n\n\n\n<p class=\"has-text-align-left\">Sie fragen sich, wie Sie Ihren Aufenthalt buchen, \u00e4ndern oder stornieren k\u00f6nnen? Haben Sie Fragen zu den Animationen oder den verf\u00fcgbaren Dienstleistungen? Unsere FAQ decken ein breites Spektrum an Themen ab, um Ihre Fragen zu beantworten. Von der Buchung \u00fcber die Aktivit\u00e4ten und Dienstleistungen vor Ort bis hin zu Ihrer Ankunft haben wir die wichtigsten Informationen zusammengestellt, um Ihnen bei der Planung Ihres Aufenthalts auf unserem <strong>Campingplatz in Ol\u00e9ron zu helfen<\/strong>.<\/p>\n\n\n\n<div style=\"height:50px\" aria-hidden=\"true\" class=\"wp-block-spacer\"><\/div>\n\n\n\n\n  <div class=\"pfq\">\n    <header class=\"pfq__top\">\n          <\/header>\n\n    <nav class=\"pfq__themes\">\n      <h2>Th\u00e9matiques<\/h2>\n      <ul>\n      \n          <li class=\"pfq__theme active\" data-pfq-group=\"group-0\">\n            <a href=\"#\">Reservierung<\/a>\n          <\/li>\n\n        \n          <li class=\"pfq__theme \" data-pfq-group=\"group-1\">\n            <a href=\"#\">\u00c4nderung meiner Buchung<\/a>\n          <\/li>\n\n        \n          <li class=\"pfq__theme \" data-pfq-group=\"group-2\">\n            <a href=\"#\">Stornierung meiner Buchung<\/a>\n          <\/li>\n\n        \n          <li class=\"pfq__theme \" data-pfq-group=\"group-3\">\n            <a href=\"#\">W\u00e4hrend meines Aufenthalts<\/a>\n          <\/li>\n\n        \n          <li class=\"pfq__theme \" data-pfq-group=\"group-4\">\n            <a href=\"#\">Die Kinder<\/a>\n          <\/li>\n\n        \n          <li class=\"pfq__theme \" data-pfq-group=\"group-5\">\n            <a href=\"#\">Haustiere<\/a>\n          <\/li>\n\n        \n          <li class=\"pfq__theme \" data-pfq-group=\"group-6\">\n            <a href=\"#\">Verschiedene Fragen<\/a>\n          <\/li>\n\n              <\/ul>\n    <\/nav>\n\n    <div class=\"pfq__questions\">\n      \n        <div class=\"pfq__questions__group visible\" data-pfq-group=\"group-0\">\n\n          <h3>Reservierung<\/h3>\n\n          \n            <div class=\"pfq__question\"  >\n              <h4 class=\"pfq__question__title\">Wie kann ich buchen ?<\/h4>\n              <div class=\"pfq__answer\"><p>Sie k\u00f6nnen per E-Mail, Telefon oder direkt auf der Website buchen.<\/p>\n<\/div>\n            <\/div>\n\n          \n            <div class=\"pfq__question\"  >\n              <h4 class=\"pfq__question__title\">Wie kann ich \u00fcberpr\u00fcfen, ob meine Buchung registriert wurde ?<\/h4>\n              <div class=\"pfq__answer\"><p>Es wird systematisch eine Best\u00e4tigungsmail verschickt.<\/p>\n<\/div>\n            <\/div>\n\n          \n            <div class=\"pfq__question\"  >\n              <h4 class=\"pfq__question__title\">Ist der Campingplatz von VACAF anerkannt ?<\/h4>\n              <div class=\"pfq__answer\"><p>Nein.<\/p>\n<\/div>\n            <\/div>\n\n          \n            <div class=\"pfq__question\"  >\n              <h4 class=\"pfq__question__title\">Kann ich meinen Aufenthalt mit ANCV-Schecks bezahlen ?<\/h4>\n              <div class=\"pfq__answer\"><p>Wir akzeptieren ANCV-Schecks sowie ANCV connect.<\/p>\n<\/div>\n            <\/div>\n\n          \n        <\/div>\n\n        \n        <div class=\"pfq__questions__group \" data-pfq-group=\"group-1\">\n\n          <h3>\u00c4nderung meiner Buchung<\/h3>\n\n          \n            <div class=\"pfq__question\"  >\n              <h4 class=\"pfq__question__title\">Wie kann ich meinen Aufenthalt \u00e4ndern ?<\/h4>\n              <div class=\"pfq__answer\"><p>Sie k\u00f6nnen Ihre Buchung per E-Mail oder per Post \u00e4ndern.<\/p>\n<\/div>\n            <\/div>\n\n          \n            <div class=\"pfq__question\"  >\n              <h4 class=\"pfq__question__title\">Welche Bedingungen gelten f\u00fcr die \u00c4nderung ?<\/h4>\n              <div class=\"pfq__answer\"><p>Es gibt keine besonderen Bedingungen.<\/p>\n<\/div>\n            <\/div>\n\n          \n        <\/div>\n\n        \n        <div class=\"pfq__questions__group \" data-pfq-group=\"group-2\">\n\n          <h3>Stornierung meiner Buchung<\/h3>\n\n          \n            <div class=\"pfq__question\"  >\n              <h4 class=\"pfq__question__title\">Wie kann ich meinen Aufenthalt stornieren ?<\/h4>\n              <div class=\"pfq__answer\"><p>Sie k\u00f6nnen Ihre Buchung per E-Mail oder Einschreiben stornieren.<\/p>\n<\/div>\n            <\/div>\n\n          \n            <div class=\"pfq__question\"  >\n              <h4 class=\"pfq__question__title\">Welche Bedingungen gelten f\u00fcr die Stornierung ?<\/h4>\n              <div class=\"pfq__answer\"><p>Bei Abschluss der Stornierungsgarantie werden die gezahlten Betr\u00e4ge vollst\u00e4ndig zur\u00fcckerstattet (au\u00dfer Garantie- und Bearbeitungsgeb\u00fchren).<\/p>\n<p>Ohne Abschluss der Garantie :<\/p>\n<ul>\n<li>Stornierung innerhalb von 30 Tagen: Bei Mietunterk\u00fcnften wird der Restbetrag vom Campingplatz einbehalten. Bei Stellpl\u00e4tzen: nur wird die Anzahlung vom Campingplatz einbehalten.<\/li>\n<li>Stornierung von mehr als 30 Tagen: Nur die Anzahlung wird vom Campingplatz einbehalten.<\/li>\n<\/ul>\n<\/div>\n            <\/div>\n\n          \n        <\/div>\n\n        \n        <div class=\"pfq__questions__group \" data-pfq-group=\"group-3\">\n\n          <h3>W\u00e4hrend meines Aufenthalts<\/h3>\n\n          \n            <div class=\"pfq__question\"  >\n              <h4 class=\"pfq__question__title\">Gibt es die ganze Saison \u00fcber Animationen ?<\/h4>\n              <div class=\"pfq__answer\"><p>Die Animationen finden ausschlie\u00dflich in der Hochsaison statt.<\/p>\n<\/div>\n            <\/div>\n\n          \n            <div class=\"pfq__question\"  >\n              <h4 class=\"pfq__question__title\">Kann man Fahrr\u00e4der mieten ?<\/h4>\n              <div class=\"pfq__answer\"><p>Ja, in der N\u00e4he k\u00f6nnen Sie Fahrr\u00e4der mieten.<\/p>\n<\/div>\n            <\/div>\n\n          \n            <div class=\"pfq__question\"  >\n              <h4 class=\"pfq__question__title\">Wie sind die \u00d6ffnungszeiten des Schwimmbads ?<\/h4>\n              <div class=\"pfq__answer\"><p>Der Pool ist von 10:00 bis 19:00 Uhr ge\u00f6ffnet.<\/p>\n<\/div>\n            <\/div>\n\n          \n        <\/div>\n\n        \n        <div class=\"pfq__questions__group \" data-pfq-group=\"group-4\">\n\n          <h3>Die Kinder<\/h3>\n\n          \n            <div class=\"pfq__question\"  >\n              <h4 class=\"pfq__question__title\">Ab welchem Alter werden die Kinder von den Betreuern betreut ?<\/h4>\n              <div class=\"pfq__answer\"><p>Der Miniclub ist f\u00fcr Kinder ab 4 Jahren bis 10 Jahren zug\u00e4nglich.<\/p>\n<\/div>\n            <\/div>\n\n          \n            <div class=\"pfq__question\"  >\n              <h4 class=\"pfq__question__title\">Z\u00e4hlen Babys und Kinder bei der Unterkunft zur Personenzahl ?<\/h4>\n              <div class=\"pfq__answer\"><p>Ja, alle Personen (Babys, Kinder) werden zur Anzahl der Personen in der Unterkunft gez\u00e4hlt.<\/p>\n<\/div>\n            <\/div>\n\n          \n        <\/div>\n\n        \n        <div class=\"pfq__questions__group \" data-pfq-group=\"group-5\">\n\n          <h3>Haustiere<\/h3>\n\n          \n            <div class=\"pfq__question\"  >\n              <h4 class=\"pfq__question__title\">Kann ich mein Haustier mitbringen ?<\/h4>\n              <div class=\"pfq__answer\"><p>Ja, Haustiere sind gegen einen Aufpreis von 4,50\u20ac\/Tag pro Tier erlaubt.<\/p>\n<\/div>\n            <\/div>\n\n          \n        <\/div>\n\n        \n        <div class=\"pfq__questions__group \" data-pfq-group=\"group-6\">\n\n          <h3>Verschiedene Fragen<\/h3>\n\n          \n            <div class=\"pfq__question\"  >\n              <h4 class=\"pfq__question__title\">Welche \u00d6ffnungszeiten hat der Campingplatz ?<\/h4>\n              <div class=\"pfq__answer\"><p>Der Campingplatz ist vom 30\/03 bis zum 30\/09 ge\u00f6ffnet.<\/p>\n<\/div>\n            <\/div>\n\n          \n            <div class=\"pfq__question\"  >\n              <h4 class=\"pfq__question__title\">Zu welcher Uhrzeit kann ich anreisen ?<\/h4>\n              <div class=\"pfq__answer\"><p>Die Anreise ist ab 16 Uhr garantiert.<\/p>\n<\/div>\n            <\/div>\n\n          \n            <div class=\"pfq__question\"  >\n              <h4 class=\"pfq__question__title\">Muss ich bei meinem Aufenthalt eine Kaution hinterlegen ?<\/h4>\n              <div class=\"pfq__answer\"><p>Bei Ihrer Ankunft m\u00fcssen Sie zwei Kautionen hinterlegen: eine in H\u00f6he von 300 \u20ac, die die Ausr\u00fcstung garantiert, und eine zweite zwischen 80 und 120 \u20ac, die die Reinigung garantiert.<\/p>\n<\/div>\n            <\/div>\n\n          \n            <div class=\"pfq__question\"  >\n              <h4 class=\"pfq__question__title\">Ist die Endreinigung in meiner Buchung enthalten ?<\/h4>\n              <div class=\"pfq__answer\"><p>Nein, aber sie kann zus\u00e4tzlich gebucht werden (K\u00fcche nicht inbegriffen).<\/p>\n<\/div>\n            <\/div>\n\n          \n            <div class=\"pfq__question\"  >\n              <h4 class=\"pfq__question__title\">Sind die Unterk\u00fcnfte mit Klimaanlage und Heizung ausgestattet ?<\/h4>\n              <div class=\"pfq__answer\"><p>Alle Unterk\u00fcnfte sind mit einer Heizung ausgestattet. Nur Palau und Fidschi Comfort sind mit einer Klimaanlage ausgestattet.<\/p>\n<\/div>\n            <\/div>\n\n          \n            <div class=\"pfq__question\"  >\n              <h4 class=\"pfq__question__title\">Sind die Unterk\u00fcnfte mit Bettdecken ausgestattet ?<\/h4>\n              <div class=\"pfq__answer\"><p>Die Mietunterk\u00fcnfte sind mit Bettdecken und Kopfkissen ausgestattet.<\/p>\n<\/div>\n            <\/div>\n\n          \n            <div class=\"pfq__question\"  >\n              <h4 class=\"pfq__question__title\">Kann ich den Poolbereich auch ohne Aufenthalt auf dem Campingplatz nutzen ?<\/h4>\n              <div class=\"pfq__answer\"><p>Nein, der Swimmingpool ist ausschlie\u00dflich den G\u00e4sten des Campingplatzes vorbehalten.<\/p>\n<\/div>\n            <\/div>\n\n          \n        <\/div>\n\n        \n    <\/div>\n  <\/div>\n\n\n","protected":false},"excerpt":{"rendered":"<p>Willkommen auf der FAQ-Seite unseres Campingplatzes auf der \u00cele d&#8217;Ol\u00e9ron. Hier beantworten wir alle Ihre Fragen, um Ihnen einen unvergesslichen Aufenthalt auf dem Campingplatz Antioche d&#8217;Ol\u00e9ron zu garantieren. Unser Campingplatz am Meer ist der perfekte Ort f\u00fcr einen Urlaub mit der Familie, mit dem Partner oder mit Freunden. Egal, ob Sie Stammgast sind oder zum [&hellip;]<\/p>\n","protected":false},"author":11,"featured_media":317,"parent":0,"menu_order":0,"comment_status":"closed","ping_status":"closed","template":"","meta":[],"acf":[],"yoast_head":"<!-- This site is optimized with the Yoast SEO plugin v19.11 - https:\/\/yoast.com\/wordpress\/plugins\/seo\/ -->\n<title>FAQ Campingplatz \u00cele d&#039;Ol\u00e9ron | Campingplatz Antioche d&#039;Ol\u00e9ron<\/title>\n<meta name=\"description\" content=\"Bereiten Sie Ihren Campingplatz auf die \u00cele d&#039;Ol\u00e9ron mit den FAQs Campingplatz Antioche d&#039;Ol\u00e9ron vor. Infos f\u00fcr einen gelungenen Urlaub.\" \/>\n<meta name=\"robots\" content=\"index, follow, max-snippet:-1, max-image-preview:large, max-video-preview:-1\" \/>\n<link rel=\"canonical\" href=\"https:\/\/www.camping-antiochedoleron.com\/de\/faq\/\" \/>\n<meta property=\"og:locale\" content=\"de_DE\" \/>\n<meta property=\"og:type\" content=\"article\" \/>\n<meta property=\"og:title\" content=\"FAQ Campingplatz \u00cele d&#039;Ol\u00e9ron | Campingplatz Antioche d&#039;Ol\u00e9ron\" \/>\n<meta property=\"og:description\" content=\"Bereiten Sie Ihren Campingplatz auf die \u00cele d&#039;Ol\u00e9ron mit den FAQs Campingplatz Antioche d&#039;Ol\u00e9ron vor. Infos f\u00fcr einen gelungenen Urlaub.\" \/>\n<meta property=\"og:url\" content=\"https:\/\/www.camping-antiochedoleron.com\/de\/faq\/\" \/>\n<meta property=\"og:site_name\" content=\"Antioche d&#039;Ol\u00e9ron\" \/>\n<meta property=\"article:modified_time\" content=\"2023-12-20T16:27:52+00:00\" \/>\n<meta property=\"og:image\" content=\"https:\/\/www.camping-antiochedoleron.com\/wp-content\/uploads\/2021\/09\/JER_8298-scaled.jpg\" \/>\n\t<meta property=\"og:image:width\" content=\"2560\" \/>\n\t<meta property=\"og:image:height\" content=\"1707\" \/>\n\t<meta property=\"og:image:type\" content=\"image\/jpeg\" \/>\n<meta name=\"twitter:card\" content=\"summary_large_image\" \/>\n<meta name=\"twitter:label1\" content=\"Est. reading time\" \/>\n\t<meta name=\"twitter:data1\" content=\"1 Minute\" \/>\n<script type=\"application\/ld+json\" class=\"yoast-schema-graph\">{\"@context\":\"https:\/\/schema.org\",\"@graph\":[{\"@type\":\"WebPage\",\"@id\":\"https:\/\/www.camping-antiochedoleron.com\/de\/faq\/\",\"url\":\"https:\/\/www.camping-antiochedoleron.com\/de\/faq\/\",\"name\":\"FAQ Campingplatz \u00cele d'Ol\u00e9ron | Campingplatz Antioche d'Ol\u00e9ron\",\"isPartOf\":{\"@id\":\"https:\/\/www.camping-antiochedoleron.com\/#website\"},\"datePublished\":\"2022-12-06T21:15:07+00:00\",\"dateModified\":\"2023-12-20T16:27:52+00:00\",\"description\":\"Bereiten Sie Ihren Campingplatz auf die \u00cele d'Ol\u00e9ron mit den FAQs Campingplatz Antioche d'Ol\u00e9ron vor. Infos f\u00fcr einen gelungenen Urlaub.\",\"breadcrumb\":{\"@id\":\"https:\/\/www.camping-antiochedoleron.com\/de\/faq\/#breadcrumb\"},\"inLanguage\":\"de-DE\",\"potentialAction\":[{\"@type\":\"ReadAction\",\"target\":[\"https:\/\/www.camping-antiochedoleron.com\/de\/faq\/\"]}]},{\"@type\":\"BreadcrumbList\",\"@id\":\"https:\/\/www.camping-antiochedoleron.com\/de\/faq\/#breadcrumb\",\"itemListElement\":[{\"@type\":\"ListItem\",\"position\":1,\"name\":\"CAMPING \u00ceLE D\u2019OL\u00c9RON\",\"item\":\"https:\/\/www.camping-antiochedoleron.com\/de\/\"},{\"@type\":\"ListItem\",\"position\":2,\"name\":\"FAQ\"}]},{\"@type\":\"WebSite\",\"@id\":\"https:\/\/www.camping-antiochedoleron.com\/#website\",\"url\":\"https:\/\/www.camping-antiochedoleron.com\/\",\"name\":\"Antioche d&#039;Ol\u00e9ron\",\"description\":\"\",\"inLanguage\":\"de-DE\"}]}<\/script>\n<!-- \/ Yoast SEO plugin. -->","yoast_head_json":{"title":"FAQ Campingplatz \u00cele d'Ol\u00e9ron | Campingplatz Antioche d'Ol\u00e9ron","description":"Bereiten Sie Ihren Campingplatz auf die \u00cele d'Ol\u00e9ron mit den FAQs Campingplatz Antioche d'Ol\u00e9ron vor. Infos f\u00fcr einen gelungenen Urlaub.","robots":{"index":"index","follow":"follow","max-snippet":"max-snippet:-1","max-image-preview":"max-image-preview:large","max-video-preview":"max-video-preview:-1"},"canonical":"https:\/\/www.camping-antiochedoleron.com\/de\/faq\/","og_locale":"de_DE","og_type":"article","og_title":"FAQ Campingplatz \u00cele d'Ol\u00e9ron | Campingplatz Antioche d'Ol\u00e9ron","og_description":"Bereiten Sie Ihren Campingplatz auf die \u00cele d'Ol\u00e9ron mit den FAQs Campingplatz Antioche d'Ol\u00e9ron vor. Infos f\u00fcr einen gelungenen Urlaub.","og_url":"https:\/\/www.camping-antiochedoleron.com\/de\/faq\/","og_site_name":"Antioche d&#039;Ol\u00e9ron","article_modified_time":"2023-12-20T16:27:52+00:00","og_image":[{"width":2560,"height":1707,"url":"https:\/\/www.camping-antiochedoleron.com\/wp-content\/uploads\/2021\/09\/JER_8298-scaled.jpg","type":"image\/jpeg"}],"twitter_card":"summary_large_image","twitter_misc":{"Est. reading time":"1 Minute"},"schema":{"@context":"https:\/\/schema.org","@graph":[{"@type":"WebPage","@id":"https:\/\/www.camping-antiochedoleron.com\/de\/faq\/","url":"https:\/\/www.camping-antiochedoleron.com\/de\/faq\/","name":"FAQ Campingplatz \u00cele d'Ol\u00e9ron | Campingplatz Antioche d'Ol\u00e9ron","isPartOf":{"@id":"https:\/\/www.camping-antiochedoleron.com\/#website"},"datePublished":"2022-12-06T21:15:07+00:00","dateModified":"2023-12-20T16:27:52+00:00","description":"Bereiten Sie Ihren Campingplatz auf die \u00cele d'Ol\u00e9ron mit den FAQs Campingplatz Antioche d'Ol\u00e9ron vor. Infos f\u00fcr einen gelungenen Urlaub.","breadcrumb":{"@id":"https:\/\/www.camping-antiochedoleron.com\/de\/faq\/#breadcrumb"},"inLanguage":"de-DE","potentialAction":[{"@type":"ReadAction","target":["https:\/\/www.camping-antiochedoleron.com\/de\/faq\/"]}]},{"@type":"BreadcrumbList","@id":"https:\/\/www.camping-antiochedoleron.com\/de\/faq\/#breadcrumb","itemListElement":[{"@type":"ListItem","position":1,"name":"CAMPING \u00ceLE D\u2019OL\u00c9RON","item":"https:\/\/www.camping-antiochedoleron.com\/de\/"},{"@type":"ListItem","position":2,"name":"FAQ"}]},{"@type":"WebSite","@id":"https:\/\/www.camping-antiochedoleron.com\/#website","url":"https:\/\/www.camping-antiochedoleron.com\/","name":"Antioche d&#039;Ol\u00e9ron","description":"","inLanguage":"de-DE"}]}},"_links":{"self":[{"href":"https:\/\/www.camping-antiochedoleron.com\/de\/wp-json\/wp\/v2\/pages\/1893"}],"collection":[{"href":"https:\/\/www.camping-antiochedoleron.com\/de\/wp-json\/wp\/v2\/pages"}],"about":[{"href":"https:\/\/www.camping-antiochedoleron.com\/de\/wp-json\/wp\/v2\/types\/page"}],"author":[{"embeddable":true,"href":"https:\/\/www.camping-antiochedoleron.com\/de\/wp-json\/wp\/v2\/users\/11"}],"replies":[{"embeddable":true,"href":"https:\/\/www.camping-antiochedoleron.com\/de\/wp-json\/wp\/v2\/comments?post=1893"}],"version-history":[{"count":6,"href":"https:\/\/www.camping-antiochedoleron.com\/de\/wp-json\/wp\/v2\/pages\/1893\/revisions"}],"predecessor-version":[{"id":2590,"href":"https:\/\/www.camping-antiochedoleron.com\/de\/wp-json\/wp\/v2\/pages\/1893\/revisions\/2590"}],"wp:featuredmedia":[{"embeddable":true,"href":"https:\/\/www.camping-antiochedoleron.com\/de\/wp-json\/wp\/v2\/media\/317"}],"wp:attachment":[{"href":"https:\/\/www.camping-antiochedoleron.com\/de\/wp-json\/wp\/v2\/media?parent=1893"}],"curies":[{"name":"wp","href":"https:\/\/api.w.org\/{rel}","templated":true}]}}