{"id":1257,"date":"2021-08-23T18:14:45","date_gmt":"2021-08-23T16:14:45","guid":{"rendered":"https:\/\/www.camping-antiochedoleron.com\/aux-alentours\/"},"modified":"2023-12-18T22:57:18","modified_gmt":"2023-12-18T21:57:18","slug":"aux-alentours","status":"publish","type":"page","link":"https:\/\/www.camping-antiochedoleron.com\/de\/aux-alentours\/","title":{"rendered":"Tourismus auf der Insel Ol\u00e9ron"},"content":{"rendered":"\n<p class=\"has-text-align-left\">Entdecken Sie das Wesen des <strong>Tourismus auf der \u00cele d&#8217;Ol\u00e9ron<\/strong> vom <strong>Campingplatz Antioche d&#8217;Ol\u00e9ron<\/strong> aus, einem idealen Ort, um die Reicht\u00fcmer der Region zu erkunden. Unser<strong><a href=\"https:\/\/www.camping-antiochedoleron.com\/de\/\"> Campingplatz auf der \u00cele d&#8217;Ol\u00e9ron<\/a><\/strong> liegt im nord\u00f6stlichen Teil der Insel und ist der perfekte Ausgangspunkt f\u00fcr Ausfl\u00fcge zu den Badeorten wie <strong>Saint-Pierre-d&#8217;Ol\u00e9ron<\/strong>, <strong>Saint-Denis d&#8217;Ol\u00e9ron<\/strong> oder <strong>Saint-Georges d&#8217;Ol\u00e9ron<\/strong>. Nutzen Sie die N\u00e4he unseres Campingplatzes zum Meer, um an sonnigen Tagen die Str\u00e4nde zu erkunden. Erkunden Sie die lokalen M\u00e4rkte, die einen authentischen Einblick in die Kultur von Ol\u00e9ron bieten. Zwischen Spazierg\u00e4ngen in der Natur und kulturellen Entdeckungen ist unser <strong>Campingplatz in La Br\u00e9e-les-Bains<\/strong> der ideale Ort f\u00fcr alle, die auf der \u00cele d&#8217;Ol\u00e9ron eine entdeckungsreiche und entspannende Erfahrung machen m\u00f6chten.<\/p>\n","protected":false},"excerpt":{"rendered":"<p>Entdecken Sie das Wesen des Tourismus auf der \u00cele d&#8217;Ol\u00e9ron vom Campingplatz Antioche d&#8217;Ol\u00e9ron aus, einem idealen Ort, um die Reicht\u00fcmer der Region zu erkunden. Unser Campingplatz auf der \u00cele d&#8217;Ol\u00e9ron liegt im nord\u00f6stlichen Teil der Insel und ist der perfekte Ausgangspunkt f\u00fcr Ausfl\u00fcge zu den Badeorten wie Saint-Pierre-d&#8217;Ol\u00e9ron, Saint-Denis d&#8217;Ol\u00e9ron oder Saint-Georges d&#8217;Ol\u00e9ron. Nutzen [&hellip;]<\/p>\n","protected":false},"author":11,"featured_media":448,"parent":0,"menu_order":0,"comment_status":"closed","ping_status":"closed","template":"page-map.php","meta":[],"acf":[],"yoast_head":"<!-- This site is optimized with the Yoast SEO plugin v19.11 - https:\/\/yoast.com\/wordpress\/plugins\/seo\/ -->\n<title>Tourismus \u00cele d&#039;Ol\u00e9ron | Was kann man \u00cele d&#039;Ol\u00e9ron unternehmen ?<\/title>\n<meta name=\"description\" content=\"Entdecken Sie unseren 3-Sterne-Campingplatz auf der Ile d&#039;Ol\u00e9ron und die zahlreichen Aktivit\u00e4ten in der N\u00e4he unseres Campingplatzes am Meer.\" \/>\n<meta name=\"robots\" content=\"index, follow, max-snippet:-1, max-image-preview:large, max-video-preview:-1\" \/>\n<link rel=\"canonical\" href=\"https:\/\/www.camping-antiochedoleron.com\/de\/aux-alentours\/\" \/>\n<meta property=\"og:locale\" content=\"de_DE\" \/>\n<meta property=\"og:type\" content=\"article\" \/>\n<meta property=\"og:title\" content=\"Tourismus \u00cele d&#039;Ol\u00e9ron | Was kann man \u00cele d&#039;Ol\u00e9ron unternehmen ?\" \/>\n<meta property=\"og:description\" content=\"Entdecken Sie unseren 3-Sterne-Campingplatz auf der Ile d&#039;Ol\u00e9ron und die zahlreichen Aktivit\u00e4ten in der N\u00e4he unseres Campingplatzes am Meer.\" \/>\n<meta property=\"og:url\" content=\"https:\/\/www.camping-antiochedoleron.com\/de\/aux-alentours\/\" \/>\n<meta property=\"og:site_name\" content=\"Antioche d&#039;Ol\u00e9ron\" \/>\n<meta property=\"article:modified_time\" content=\"2023-12-18T21:57:18+00:00\" \/>\n<meta property=\"og:image\" content=\"https:\/\/www.camping-antiochedoleron.com\/wp-content\/uploads\/2021\/09\/photo-634879978913946332-266.jpeg\" \/>\n\t<meta property=\"og:image:width\" content=\"929\" \/>\n\t<meta property=\"og:image:height\" content=\"620\" \/>\n\t<meta property=\"og:image:type\" content=\"image\/jpeg\" \/>\n<meta name=\"twitter:card\" content=\"summary_large_image\" \/>\n<meta name=\"twitter:label1\" content=\"Est. reading time\" \/>\n\t<meta name=\"twitter:data1\" content=\"1 Minute\" \/>\n<script type=\"application\/ld+json\" class=\"yoast-schema-graph\">{\"@context\":\"https:\/\/schema.org\",\"@graph\":[{\"@type\":\"WebPage\",\"@id\":\"https:\/\/www.camping-antiochedoleron.com\/de\/aux-alentours\/\",\"url\":\"https:\/\/www.camping-antiochedoleron.com\/de\/aux-alentours\/\",\"name\":\"Tourismus \u00cele d'Ol\u00e9ron | Was kann man \u00cele d'Ol\u00e9ron unternehmen ?\",\"isPartOf\":{\"@id\":\"https:\/\/www.camping-antiochedoleron.com\/#website\"},\"datePublished\":\"2021-08-23T16:14:45+00:00\",\"dateModified\":\"2023-12-18T21:57:18+00:00\",\"description\":\"Entdecken Sie unseren 3-Sterne-Campingplatz auf der Ile d'Ol\u00e9ron und die zahlreichen Aktivit\u00e4ten in der N\u00e4he unseres Campingplatzes am Meer.\",\"breadcrumb\":{\"@id\":\"https:\/\/www.camping-antiochedoleron.com\/de\/aux-alentours\/#breadcrumb\"},\"inLanguage\":\"de-DE\",\"potentialAction\":[{\"@type\":\"ReadAction\",\"target\":[\"https:\/\/www.camping-antiochedoleron.com\/de\/aux-alentours\/\"]}]},{\"@type\":\"BreadcrumbList\",\"@id\":\"https:\/\/www.camping-antiochedoleron.com\/de\/aux-alentours\/#breadcrumb\",\"itemListElement\":[{\"@type\":\"ListItem\",\"position\":1,\"name\":\"CAMPING \u00ceLE D\u2019OL\u00c9RON\",\"item\":\"https:\/\/www.camping-antiochedoleron.com\/de\/\"},{\"@type\":\"ListItem\",\"position\":2,\"name\":\"Tourismus auf der \u00cele d'Ol\u00e9ron\"}]},{\"@type\":\"WebSite\",\"@id\":\"https:\/\/www.camping-antiochedoleron.com\/#website\",\"url\":\"https:\/\/www.camping-antiochedoleron.com\/\",\"name\":\"Antioche d&#039;Ol\u00e9ron\",\"description\":\"\",\"inLanguage\":\"de-DE\"}]}<\/script>\n<!-- \/ Yoast SEO plugin. -->","yoast_head_json":{"title":"Tourismus \u00cele d'Ol\u00e9ron | Was kann man \u00cele d'Ol\u00e9ron unternehmen ?","description":"Entdecken Sie unseren 3-Sterne-Campingplatz auf der Ile d'Ol\u00e9ron und die zahlreichen Aktivit\u00e4ten in der N\u00e4he unseres Campingplatzes am Meer.","robots":{"index":"index","follow":"follow","max-snippet":"max-snippet:-1","max-image-preview":"max-image-preview:large","max-video-preview":"max-video-preview:-1"},"canonical":"https:\/\/www.camping-antiochedoleron.com\/de\/aux-alentours\/","og_locale":"de_DE","og_type":"article","og_title":"Tourismus \u00cele d'Ol\u00e9ron | Was kann man \u00cele d'Ol\u00e9ron unternehmen ?","og_description":"Entdecken Sie unseren 3-Sterne-Campingplatz auf der Ile d'Ol\u00e9ron und die zahlreichen Aktivit\u00e4ten in der N\u00e4he unseres Campingplatzes am Meer.","og_url":"https:\/\/www.camping-antiochedoleron.com\/de\/aux-alentours\/","og_site_name":"Antioche d&#039;Ol\u00e9ron","article_modified_time":"2023-12-18T21:57:18+00:00","og_image":[{"width":929,"height":620,"url":"https:\/\/www.camping-antiochedoleron.com\/wp-content\/uploads\/2021\/09\/photo-634879978913946332-266.jpeg","type":"image\/jpeg"}],"twitter_card":"summary_large_image","twitter_misc":{"Est. reading time":"1 Minute"},"schema":{"@context":"https:\/\/schema.org","@graph":[{"@type":"WebPage","@id":"https:\/\/www.camping-antiochedoleron.com\/de\/aux-alentours\/","url":"https:\/\/www.camping-antiochedoleron.com\/de\/aux-alentours\/","name":"Tourismus \u00cele d'Ol\u00e9ron | Was kann man \u00cele d'Ol\u00e9ron unternehmen ?","isPartOf":{"@id":"https:\/\/www.camping-antiochedoleron.com\/#website"},"datePublished":"2021-08-23T16:14:45+00:00","dateModified":"2023-12-18T21:57:18+00:00","description":"Entdecken Sie unseren 3-Sterne-Campingplatz auf der Ile d'Ol\u00e9ron und die zahlreichen Aktivit\u00e4ten in der N\u00e4he unseres Campingplatzes am Meer.","breadcrumb":{"@id":"https:\/\/www.camping-antiochedoleron.com\/de\/aux-alentours\/#breadcrumb"},"inLanguage":"de-DE","potentialAction":[{"@type":"ReadAction","target":["https:\/\/www.camping-antiochedoleron.com\/de\/aux-alentours\/"]}]},{"@type":"BreadcrumbList","@id":"https:\/\/www.camping-antiochedoleron.com\/de\/aux-alentours\/#breadcrumb","itemListElement":[{"@type":"ListItem","position":1,"name":"CAMPING \u00ceLE D\u2019OL\u00c9RON","item":"https:\/\/www.camping-antiochedoleron.com\/de\/"},{"@type":"ListItem","position":2,"name":"Tourismus auf der \u00cele d'Ol\u00e9ron"}]},{"@type":"WebSite","@id":"https:\/\/www.camping-antiochedoleron.com\/#website","url":"https:\/\/www.camping-antiochedoleron.com\/","name":"Antioche d&#039;Ol\u00e9ron","description":"","inLanguage":"de-DE"}]}},"_links":{"self":[{"href":"https:\/\/www.camping-antiochedoleron.com\/de\/wp-json\/wp\/v2\/pages\/1257"}],"collection":[{"href":"https:\/\/www.camping-antiochedoleron.com\/de\/wp-json\/wp\/v2\/pages"}],"about":[{"href":"https:\/\/www.camping-antiochedoleron.com\/de\/wp-json\/wp\/v2\/types\/page"}],"author":[{"embeddable":true,"href":"https:\/\/www.camping-antiochedoleron.com\/de\/wp-json\/wp\/v2\/users\/11"}],"replies":[{"embeddable":true,"href":"https:\/\/www.camping-antiochedoleron.com\/de\/wp-json\/wp\/v2\/comments?post=1257"}],"version-history":[{"count":5,"href":"https:\/\/www.camping-antiochedoleron.com\/de\/wp-json\/wp\/v2\/pages\/1257\/revisions"}],"predecessor-version":[{"id":2476,"href":"https:\/\/www.camping-antiochedoleron.com\/de\/wp-json\/wp\/v2\/pages\/1257\/revisions\/2476"}],"wp:featuredmedia":[{"embeddable":true,"href":"https:\/\/www.camping-antiochedoleron.com\/de\/wp-json\/wp\/v2\/media\/448"}],"wp:attachment":[{"href":"https:\/\/www.camping-antiochedoleron.com\/de\/wp-json\/wp\/v2\/media?parent=1257"}],"curies":[{"name":"wp","href":"https:\/\/api.w.org\/{rel}","templated":true}]}}