{"id":1252,"date":"2021-08-24T10:32:45","date_gmt":"2021-08-24T08:32:45","guid":{"rendered":"https:\/\/www.camping-antiochedoleron.com\/camping-sur-lile-doleron-avec-piscine\/"},"modified":"2023-12-14T14:04:56","modified_gmt":"2023-12-14T13:04:56","slug":"camping-sur-lile-doleron-avec-piscine","status":"publish","type":"page","link":"https:\/\/www.camping-antiochedoleron.com\/de\/camping-sur-lile-doleron-avec-piscine\/","title":{"rendered":"Campingplatz auf der Ile d&#8217;Ol\u00e9ron mit Schwimmbad"},"content":{"rendered":"\n<p class=\"has-text-align-center\">Kommen Sie und teilen Sie einen Moment der Entspannung in unserem Wasserbereich, der f\u00fcr die ganze Familie geeignet ist.<\/p>\n","protected":false},"excerpt":{"rendered":"<p>Kommen Sie und teilen Sie einen Moment der Entspannung in unserem Wasserbereich, der f\u00fcr die ganze Familie geeignet ist.<\/p>\n","protected":false},"author":11,"featured_media":227,"parent":0,"menu_order":0,"comment_status":"closed","ping_status":"closed","template":"","meta":[],"acf":[],"yoast_head":"<!-- This site is optimized with the Yoast SEO plugin v19.11 - https:\/\/yoast.com\/wordpress\/plugins\/seo\/ -->\n<title>Camping ile d&#039;Ol\u00e9ron mit Pool | Camping 3* Antioche d&#039;Ol\u00e9ron<\/title>\n<meta name=\"description\" content=\"Sie suchen einen Campingplatz auf der Ile d&#039;Ol\u00e9ron mit Schwimmbad? Entdecken Sie unseren 3-Sterne-Campingplatz in La Br\u00e9e-les-Bains in der Charente-Maritime.\" \/>\n<meta name=\"robots\" content=\"index, follow, max-snippet:-1, max-image-preview:large, max-video-preview:-1\" \/>\n<link rel=\"canonical\" href=\"https:\/\/www.camping-antiochedoleron.com\/de\/camping-sur-lile-doleron-avec-piscine\/\" \/>\n<meta property=\"og:locale\" content=\"de_DE\" \/>\n<meta property=\"og:type\" content=\"article\" \/>\n<meta property=\"og:title\" content=\"Camping ile d&#039;Ol\u00e9ron mit Pool | Camping 3* Antioche d&#039;Ol\u00e9ron\" \/>\n<meta property=\"og:description\" content=\"Sie suchen einen Campingplatz auf der Ile d&#039;Ol\u00e9ron mit Schwimmbad? Entdecken Sie unseren 3-Sterne-Campingplatz in La Br\u00e9e-les-Bains in der Charente-Maritime.\" \/>\n<meta property=\"og:url\" content=\"https:\/\/www.camping-antiochedoleron.com\/de\/camping-sur-lile-doleron-avec-piscine\/\" \/>\n<meta property=\"og:site_name\" content=\"Antioche d&#039;Ol\u00e9ron\" \/>\n<meta property=\"article:modified_time\" content=\"2023-12-14T13:04:56+00:00\" \/>\n<meta property=\"og:image\" content=\"https:\/\/www.camping-antiochedoleron.com\/wp-content\/uploads\/2021\/09\/JER_8500-scaled.jpg\" \/>\n\t<meta property=\"og:image:width\" content=\"2560\" \/>\n\t<meta property=\"og:image:height\" content=\"1707\" \/>\n\t<meta property=\"og:image:type\" content=\"image\/jpeg\" \/>\n<meta name=\"twitter:card\" content=\"summary_large_image\" \/>\n<meta name=\"twitter:label1\" content=\"Est. reading time\" \/>\n\t<meta name=\"twitter:data1\" content=\"1 Minute\" \/>\n<script type=\"application\/ld+json\" class=\"yoast-schema-graph\">{\"@context\":\"https:\/\/schema.org\",\"@graph\":[{\"@type\":\"WebPage\",\"@id\":\"https:\/\/www.camping-antiochedoleron.com\/de\/camping-sur-lile-doleron-avec-piscine\/\",\"url\":\"https:\/\/www.camping-antiochedoleron.com\/de\/camping-sur-lile-doleron-avec-piscine\/\",\"name\":\"Camping ile d'Ol\u00e9ron mit Pool | Camping 3* Antioche d'Ol\u00e9ron\",\"isPartOf\":{\"@id\":\"https:\/\/www.camping-antiochedoleron.com\/#website\"},\"datePublished\":\"2021-08-24T08:32:45+00:00\",\"dateModified\":\"2023-12-14T13:04:56+00:00\",\"description\":\"Sie suchen einen Campingplatz auf der Ile d'Ol\u00e9ron mit Schwimmbad? Entdecken Sie unseren 3-Sterne-Campingplatz in La Br\u00e9e-les-Bains in der Charente-Maritime.\",\"breadcrumb\":{\"@id\":\"https:\/\/www.camping-antiochedoleron.com\/de\/camping-sur-lile-doleron-avec-piscine\/#breadcrumb\"},\"inLanguage\":\"de-DE\",\"potentialAction\":[{\"@type\":\"ReadAction\",\"target\":[\"https:\/\/www.camping-antiochedoleron.com\/de\/camping-sur-lile-doleron-avec-piscine\/\"]}]},{\"@type\":\"BreadcrumbList\",\"@id\":\"https:\/\/www.camping-antiochedoleron.com\/de\/camping-sur-lile-doleron-avec-piscine\/#breadcrumb\",\"itemListElement\":[{\"@type\":\"ListItem\",\"position\":1,\"name\":\"CAMPING \u00ceLE D\u2019OL\u00c9RON\",\"item\":\"https:\/\/www.camping-antiochedoleron.com\/de\/\"},{\"@type\":\"ListItem\",\"position\":2,\"name\":\"Wasserraum\"}]},{\"@type\":\"WebSite\",\"@id\":\"https:\/\/www.camping-antiochedoleron.com\/#website\",\"url\":\"https:\/\/www.camping-antiochedoleron.com\/\",\"name\":\"Antioche d&#039;Ol\u00e9ron\",\"description\":\"\",\"inLanguage\":\"de-DE\"}]}<\/script>\n<!-- \/ Yoast SEO plugin. -->","yoast_head_json":{"title":"Camping ile d'Ol\u00e9ron mit Pool | Camping 3* Antioche d'Ol\u00e9ron","description":"Sie suchen einen Campingplatz auf der Ile d'Ol\u00e9ron mit Schwimmbad? Entdecken Sie unseren 3-Sterne-Campingplatz in La Br\u00e9e-les-Bains in der Charente-Maritime.","robots":{"index":"index","follow":"follow","max-snippet":"max-snippet:-1","max-image-preview":"max-image-preview:large","max-video-preview":"max-video-preview:-1"},"canonical":"https:\/\/www.camping-antiochedoleron.com\/de\/camping-sur-lile-doleron-avec-piscine\/","og_locale":"de_DE","og_type":"article","og_title":"Camping ile d'Ol\u00e9ron mit Pool | Camping 3* Antioche d'Ol\u00e9ron","og_description":"Sie suchen einen Campingplatz auf der Ile d'Ol\u00e9ron mit Schwimmbad? Entdecken Sie unseren 3-Sterne-Campingplatz in La Br\u00e9e-les-Bains in der Charente-Maritime.","og_url":"https:\/\/www.camping-antiochedoleron.com\/de\/camping-sur-lile-doleron-avec-piscine\/","og_site_name":"Antioche d&#039;Ol\u00e9ron","article_modified_time":"2023-12-14T13:04:56+00:00","og_image":[{"width":2560,"height":1707,"url":"https:\/\/www.camping-antiochedoleron.com\/wp-content\/uploads\/2021\/09\/JER_8500-scaled.jpg","type":"image\/jpeg"}],"twitter_card":"summary_large_image","twitter_misc":{"Est. reading time":"1 Minute"},"schema":{"@context":"https:\/\/schema.org","@graph":[{"@type":"WebPage","@id":"https:\/\/www.camping-antiochedoleron.com\/de\/camping-sur-lile-doleron-avec-piscine\/","url":"https:\/\/www.camping-antiochedoleron.com\/de\/camping-sur-lile-doleron-avec-piscine\/","name":"Camping ile d'Ol\u00e9ron mit Pool | Camping 3* Antioche d'Ol\u00e9ron","isPartOf":{"@id":"https:\/\/www.camping-antiochedoleron.com\/#website"},"datePublished":"2021-08-24T08:32:45+00:00","dateModified":"2023-12-14T13:04:56+00:00","description":"Sie suchen einen Campingplatz auf der Ile d'Ol\u00e9ron mit Schwimmbad? Entdecken Sie unseren 3-Sterne-Campingplatz in La Br\u00e9e-les-Bains in der Charente-Maritime.","breadcrumb":{"@id":"https:\/\/www.camping-antiochedoleron.com\/de\/camping-sur-lile-doleron-avec-piscine\/#breadcrumb"},"inLanguage":"de-DE","potentialAction":[{"@type":"ReadAction","target":["https:\/\/www.camping-antiochedoleron.com\/de\/camping-sur-lile-doleron-avec-piscine\/"]}]},{"@type":"BreadcrumbList","@id":"https:\/\/www.camping-antiochedoleron.com\/de\/camping-sur-lile-doleron-avec-piscine\/#breadcrumb","itemListElement":[{"@type":"ListItem","position":1,"name":"CAMPING \u00ceLE D\u2019OL\u00c9RON","item":"https:\/\/www.camping-antiochedoleron.com\/de\/"},{"@type":"ListItem","position":2,"name":"Wasserraum"}]},{"@type":"WebSite","@id":"https:\/\/www.camping-antiochedoleron.com\/#website","url":"https:\/\/www.camping-antiochedoleron.com\/","name":"Antioche d&#039;Ol\u00e9ron","description":"","inLanguage":"de-DE"}]}},"_links":{"self":[{"href":"https:\/\/www.camping-antiochedoleron.com\/de\/wp-json\/wp\/v2\/pages\/1252"}],"collection":[{"href":"https:\/\/www.camping-antiochedoleron.com\/de\/wp-json\/wp\/v2\/pages"}],"about":[{"href":"https:\/\/www.camping-antiochedoleron.com\/de\/wp-json\/wp\/v2\/types\/page"}],"author":[{"embeddable":true,"href":"https:\/\/www.camping-antiochedoleron.com\/de\/wp-json\/wp\/v2\/users\/11"}],"replies":[{"embeddable":true,"href":"https:\/\/www.camping-antiochedoleron.com\/de\/wp-json\/wp\/v2\/comments?post=1252"}],"version-history":[{"count":5,"href":"https:\/\/www.camping-antiochedoleron.com\/de\/wp-json\/wp\/v2\/pages\/1252\/revisions"}],"predecessor-version":[{"id":2254,"href":"https:\/\/www.camping-antiochedoleron.com\/de\/wp-json\/wp\/v2\/pages\/1252\/revisions\/2254"}],"wp:featuredmedia":[{"embeddable":true,"href":"https:\/\/www.camping-antiochedoleron.com\/de\/wp-json\/wp\/v2\/media\/227"}],"wp:attachment":[{"href":"https:\/\/www.camping-antiochedoleron.com\/de\/wp-json\/wp\/v2\/media?parent=1252"}],"curies":[{"name":"wp","href":"https:\/\/api.w.org\/{rel}","templated":true}]}}