{"id":1250,"date":"2021-08-24T10:33:04","date_gmt":"2021-08-24T08:33:04","guid":{"rendered":"https:\/\/www.camping-antiochedoleron.com\/restaurant-ile-d-oleron\/"},"modified":"2022-08-03T14:34:01","modified_gmt":"2022-08-03T12:34:01","slug":"restaurant-ile-d-oleron","status":"publish","type":"page","link":"https:\/\/www.camping-antiochedoleron.com\/de\/restaurant-ile-d-oleron\/","title":{"rendered":"Restaurant auf der Ile d&#8217;Ol\u00e9ron"},"content":{"rendered":"\n<p class=\"has-text-align-center\">Entdecken Sie das Restaurant Ihres 3-Sterne-Campingplatzes Antioche d&#8217;Ol\u00e9ron  <\/p>\n","protected":false},"excerpt":{"rendered":"<p>Entdecken Sie das Restaurant Ihres 3-Sterne-Campingplatzes Antioche d&#8217;Ol\u00e9ron<\/p>\n","protected":false},"author":11,"featured_media":281,"parent":0,"menu_order":0,"comment_status":"closed","ping_status":"closed","template":"","meta":[],"acf":[],"yoast_head":"<!-- This site is optimized with the Yoast SEO plugin v19.11 - https:\/\/yoast.com\/wordpress\/plugins\/seo\/ -->\n<title>Restaurant auf der Ile d&#039;Ol\u00e9ron | Camping 3* Antioche d&#039;Ol\u00e9ron<\/title>\n<meta name=\"description\" content=\"Das Bar-Restaurant des Campingplatzes Antioche auf der Ile d&#039;Ol\u00e9ron empf\u00e4ngt Sie im Sommer jeden Abend mit einer gro\u00dfen Auswahl an traditionellen Gerichten.\" \/>\n<meta name=\"robots\" content=\"index, follow, max-snippet:-1, max-image-preview:large, max-video-preview:-1\" \/>\n<link rel=\"canonical\" href=\"https:\/\/www.camping-antiochedoleron.com\/de\/restaurant-ile-d-oleron\/\" \/>\n<meta property=\"og:locale\" content=\"de_DE\" \/>\n<meta property=\"og:type\" content=\"article\" \/>\n<meta property=\"og:title\" content=\"Restaurant auf der Ile d&#039;Ol\u00e9ron | Camping 3* Antioche d&#039;Ol\u00e9ron\" \/>\n<meta property=\"og:description\" content=\"Das Bar-Restaurant des Campingplatzes Antioche auf der Ile d&#039;Ol\u00e9ron empf\u00e4ngt Sie im Sommer jeden Abend mit einer gro\u00dfen Auswahl an traditionellen Gerichten.\" \/>\n<meta property=\"og:url\" content=\"https:\/\/www.camping-antiochedoleron.com\/de\/restaurant-ile-d-oleron\/\" \/>\n<meta property=\"og:site_name\" content=\"Antioche d&#039;Ol\u00e9ron\" \/>\n<meta property=\"article:modified_time\" content=\"2022-08-03T12:34:01+00:00\" \/>\n<meta property=\"og:image\" content=\"https:\/\/www.camping-antiochedoleron.com\/wp-content\/uploads\/2021\/09\/JER_8459-scaled.jpg\" \/>\n\t<meta property=\"og:image:width\" content=\"2560\" \/>\n\t<meta property=\"og:image:height\" content=\"1707\" \/>\n\t<meta property=\"og:image:type\" content=\"image\/jpeg\" \/>\n<meta name=\"twitter:card\" content=\"summary_large_image\" \/>\n<meta name=\"twitter:label1\" content=\"Est. reading time\" \/>\n\t<meta name=\"twitter:data1\" content=\"1 Minute\" \/>\n<script type=\"application\/ld+json\" class=\"yoast-schema-graph\">{\"@context\":\"https:\/\/schema.org\",\"@graph\":[{\"@type\":\"WebPage\",\"@id\":\"https:\/\/www.camping-antiochedoleron.com\/de\/restaurant-ile-d-oleron\/\",\"url\":\"https:\/\/www.camping-antiochedoleron.com\/de\/restaurant-ile-d-oleron\/\",\"name\":\"Restaurant auf der Ile d'Ol\u00e9ron | Camping 3* Antioche d'Ol\u00e9ron\",\"isPartOf\":{\"@id\":\"https:\/\/www.camping-antiochedoleron.com\/#website\"},\"datePublished\":\"2021-08-24T08:33:04+00:00\",\"dateModified\":\"2022-08-03T12:34:01+00:00\",\"description\":\"Das Bar-Restaurant des Campingplatzes Antioche auf der Ile d'Ol\u00e9ron empf\u00e4ngt Sie im Sommer jeden Abend mit einer gro\u00dfen Auswahl an traditionellen Gerichten.\",\"breadcrumb\":{\"@id\":\"https:\/\/www.camping-antiochedoleron.com\/de\/restaurant-ile-d-oleron\/#breadcrumb\"},\"inLanguage\":\"de-DE\",\"potentialAction\":[{\"@type\":\"ReadAction\",\"target\":[\"https:\/\/www.camping-antiochedoleron.com\/de\/restaurant-ile-d-oleron\/\"]}]},{\"@type\":\"BreadcrumbList\",\"@id\":\"https:\/\/www.camping-antiochedoleron.com\/de\/restaurant-ile-d-oleron\/#breadcrumb\",\"itemListElement\":[{\"@type\":\"ListItem\",\"position\":1,\"name\":\"CAMPING \u00ceLE D\u2019OL\u00c9RON\",\"item\":\"https:\/\/www.camping-antiochedoleron.com\/de\/\"},{\"@type\":\"ListItem\",\"position\":2,\"name\":\"Restaurant auf der Ile d&#8217;Ol\u00e9ron\"}]},{\"@type\":\"WebSite\",\"@id\":\"https:\/\/www.camping-antiochedoleron.com\/#website\",\"url\":\"https:\/\/www.camping-antiochedoleron.com\/\",\"name\":\"Antioche d&#039;Ol\u00e9ron\",\"description\":\"\",\"inLanguage\":\"de-DE\"}]}<\/script>\n<!-- \/ Yoast SEO plugin. -->","yoast_head_json":{"title":"Restaurant auf der Ile d'Ol\u00e9ron | Camping 3* Antioche d'Ol\u00e9ron","description":"Das Bar-Restaurant des Campingplatzes Antioche auf der Ile d'Ol\u00e9ron empf\u00e4ngt Sie im Sommer jeden Abend mit einer gro\u00dfen Auswahl an traditionellen Gerichten.","robots":{"index":"index","follow":"follow","max-snippet":"max-snippet:-1","max-image-preview":"max-image-preview:large","max-video-preview":"max-video-preview:-1"},"canonical":"https:\/\/www.camping-antiochedoleron.com\/de\/restaurant-ile-d-oleron\/","og_locale":"de_DE","og_type":"article","og_title":"Restaurant auf der Ile d'Ol\u00e9ron | Camping 3* Antioche d'Ol\u00e9ron","og_description":"Das Bar-Restaurant des Campingplatzes Antioche auf der Ile d'Ol\u00e9ron empf\u00e4ngt Sie im Sommer jeden Abend mit einer gro\u00dfen Auswahl an traditionellen Gerichten.","og_url":"https:\/\/www.camping-antiochedoleron.com\/de\/restaurant-ile-d-oleron\/","og_site_name":"Antioche d&#039;Ol\u00e9ron","article_modified_time":"2022-08-03T12:34:01+00:00","og_image":[{"width":2560,"height":1707,"url":"https:\/\/www.camping-antiochedoleron.com\/wp-content\/uploads\/2021\/09\/JER_8459-scaled.jpg","type":"image\/jpeg"}],"twitter_card":"summary_large_image","twitter_misc":{"Est. reading time":"1 Minute"},"schema":{"@context":"https:\/\/schema.org","@graph":[{"@type":"WebPage","@id":"https:\/\/www.camping-antiochedoleron.com\/de\/restaurant-ile-d-oleron\/","url":"https:\/\/www.camping-antiochedoleron.com\/de\/restaurant-ile-d-oleron\/","name":"Restaurant auf der Ile d'Ol\u00e9ron | Camping 3* Antioche d'Ol\u00e9ron","isPartOf":{"@id":"https:\/\/www.camping-antiochedoleron.com\/#website"},"datePublished":"2021-08-24T08:33:04+00:00","dateModified":"2022-08-03T12:34:01+00:00","description":"Das Bar-Restaurant des Campingplatzes Antioche auf der Ile d'Ol\u00e9ron empf\u00e4ngt Sie im Sommer jeden Abend mit einer gro\u00dfen Auswahl an traditionellen Gerichten.","breadcrumb":{"@id":"https:\/\/www.camping-antiochedoleron.com\/de\/restaurant-ile-d-oleron\/#breadcrumb"},"inLanguage":"de-DE","potentialAction":[{"@type":"ReadAction","target":["https:\/\/www.camping-antiochedoleron.com\/de\/restaurant-ile-d-oleron\/"]}]},{"@type":"BreadcrumbList","@id":"https:\/\/www.camping-antiochedoleron.com\/de\/restaurant-ile-d-oleron\/#breadcrumb","itemListElement":[{"@type":"ListItem","position":1,"name":"CAMPING \u00ceLE D\u2019OL\u00c9RON","item":"https:\/\/www.camping-antiochedoleron.com\/de\/"},{"@type":"ListItem","position":2,"name":"Restaurant auf der Ile d&#8217;Ol\u00e9ron"}]},{"@type":"WebSite","@id":"https:\/\/www.camping-antiochedoleron.com\/#website","url":"https:\/\/www.camping-antiochedoleron.com\/","name":"Antioche d&#039;Ol\u00e9ron","description":"","inLanguage":"de-DE"}]}},"_links":{"self":[{"href":"https:\/\/www.camping-antiochedoleron.com\/de\/wp-json\/wp\/v2\/pages\/1250"}],"collection":[{"href":"https:\/\/www.camping-antiochedoleron.com\/de\/wp-json\/wp\/v2\/pages"}],"about":[{"href":"https:\/\/www.camping-antiochedoleron.com\/de\/wp-json\/wp\/v2\/types\/page"}],"author":[{"embeddable":true,"href":"https:\/\/www.camping-antiochedoleron.com\/de\/wp-json\/wp\/v2\/users\/11"}],"replies":[{"embeddable":true,"href":"https:\/\/www.camping-antiochedoleron.com\/de\/wp-json\/wp\/v2\/comments?post=1250"}],"version-history":[{"count":4,"href":"https:\/\/www.camping-antiochedoleron.com\/de\/wp-json\/wp\/v2\/pages\/1250\/revisions"}],"predecessor-version":[{"id":1648,"href":"https:\/\/www.camping-antiochedoleron.com\/de\/wp-json\/wp\/v2\/pages\/1250\/revisions\/1648"}],"wp:featuredmedia":[{"embeddable":true,"href":"https:\/\/www.camping-antiochedoleron.com\/de\/wp-json\/wp\/v2\/media\/281"}],"wp:attachment":[{"href":"https:\/\/www.camping-antiochedoleron.com\/de\/wp-json\/wp\/v2\/media?parent=1250"}],"curies":[{"name":"wp","href":"https:\/\/api.w.org\/{rel}","templated":true}]}}