{"id":1247,"date":"2021-08-24T10:34:54","date_gmt":"2021-08-24T08:34:54","guid":{"rendered":"https:\/\/www.camping-antiochedoleron.com\/votre-camping-avec-club-enfants\/"},"modified":"2022-08-03T14:33:38","modified_gmt":"2022-08-03T12:33:38","slug":"votre-camping-avec-club-enfants","status":"publish","type":"page","link":"https:\/\/www.camping-antiochedoleron.com\/de\/votre-camping-avec-club-enfants\/","title":{"rendered":"Ihr Campingplatz mit Kinderclub"},"content":{"rendered":"\n<p class=\"has-text-align-center\">Zur Freude der Kleinsten, aber auch der Eltern, gehen Sie auf Entdeckungsreise auf unserem Campingplatz mit Kinderclub<\/p>\n","protected":false},"excerpt":{"rendered":"<p>Zur Freude der Kleinsten, aber auch der Eltern, gehen Sie auf Entdeckungsreise auf unserem Campingplatz mit Kinderclub<\/p>\n","protected":false},"author":11,"featured_media":348,"parent":0,"menu_order":0,"comment_status":"closed","ping_status":"closed","template":"","meta":[],"acf":[],"yoast_head":"<!-- This site is optimized with the Yoast SEO plugin v19.11 - https:\/\/yoast.com\/wordpress\/plugins\/seo\/ -->\n<title>Campingplatz mit Kinderclub | 3* Campingplatz Antioche d&#039;Ol\u00e9ron<\/title>\n<meta name=\"description\" content=\"F\u00fcr das Vergn\u00fcgen der Kleinen entdecken Sie unseren Campingplatz mit Kinderclub. Planschbecken, Spielplatz und H\u00fcpfburg stehen auf dem Programm!\" \/>\n<meta name=\"robots\" content=\"index, follow, max-snippet:-1, max-image-preview:large, max-video-preview:-1\" \/>\n<link rel=\"canonical\" href=\"https:\/\/www.camping-antiochedoleron.com\/de\/votre-camping-avec-club-enfants\/\" \/>\n<meta property=\"og:locale\" content=\"de_DE\" \/>\n<meta property=\"og:type\" content=\"article\" \/>\n<meta property=\"og:title\" content=\"Campingplatz mit Kinderclub | 3* Campingplatz Antioche d&#039;Ol\u00e9ron\" \/>\n<meta property=\"og:description\" content=\"F\u00fcr das Vergn\u00fcgen der Kleinen entdecken Sie unseren Campingplatz mit Kinderclub. Planschbecken, Spielplatz und H\u00fcpfburg stehen auf dem Programm!\" \/>\n<meta property=\"og:url\" content=\"https:\/\/www.camping-antiochedoleron.com\/de\/votre-camping-avec-club-enfants\/\" \/>\n<meta property=\"og:site_name\" content=\"Antioche d&#039;Ol\u00e9ron\" \/>\n<meta property=\"article:modified_time\" content=\"2022-08-03T12:33:38+00:00\" \/>\n<meta property=\"og:image\" content=\"https:\/\/www.camping-antiochedoleron.com\/wp-content\/uploads\/2021\/09\/JER_8319-scaled.jpg\" \/>\n\t<meta property=\"og:image:width\" content=\"2560\" \/>\n\t<meta property=\"og:image:height\" content=\"1707\" \/>\n\t<meta property=\"og:image:type\" content=\"image\/jpeg\" \/>\n<meta name=\"twitter:card\" content=\"summary_large_image\" \/>\n<meta name=\"twitter:label1\" content=\"Est. reading time\" \/>\n\t<meta name=\"twitter:data1\" content=\"1 Minute\" \/>\n<script type=\"application\/ld+json\" class=\"yoast-schema-graph\">{\"@context\":\"https:\/\/schema.org\",\"@graph\":[{\"@type\":\"WebPage\",\"@id\":\"https:\/\/www.camping-antiochedoleron.com\/de\/votre-camping-avec-club-enfants\/\",\"url\":\"https:\/\/www.camping-antiochedoleron.com\/de\/votre-camping-avec-club-enfants\/\",\"name\":\"Campingplatz mit Kinderclub | 3* Campingplatz Antioche d'Ol\u00e9ron\",\"isPartOf\":{\"@id\":\"https:\/\/www.camping-antiochedoleron.com\/#website\"},\"datePublished\":\"2021-08-24T08:34:54+00:00\",\"dateModified\":\"2022-08-03T12:33:38+00:00\",\"description\":\"F\u00fcr das Vergn\u00fcgen der Kleinen entdecken Sie unseren Campingplatz mit Kinderclub. Planschbecken, Spielplatz und H\u00fcpfburg stehen auf dem Programm!\",\"breadcrumb\":{\"@id\":\"https:\/\/www.camping-antiochedoleron.com\/de\/votre-camping-avec-club-enfants\/#breadcrumb\"},\"inLanguage\":\"de-DE\",\"potentialAction\":[{\"@type\":\"ReadAction\",\"target\":[\"https:\/\/www.camping-antiochedoleron.com\/de\/votre-camping-avec-club-enfants\/\"]}]},{\"@type\":\"BreadcrumbList\",\"@id\":\"https:\/\/www.camping-antiochedoleron.com\/de\/votre-camping-avec-club-enfants\/#breadcrumb\",\"itemListElement\":[{\"@type\":\"ListItem\",\"position\":1,\"name\":\"CAMPING \u00ceLE D\u2019OL\u00c9RON\",\"item\":\"https:\/\/www.camping-antiochedoleron.com\/de\/\"},{\"@type\":\"ListItem\",\"position\":2,\"name\":\"Ihr Campingplatz mit Kinderclub\"}]},{\"@type\":\"WebSite\",\"@id\":\"https:\/\/www.camping-antiochedoleron.com\/#website\",\"url\":\"https:\/\/www.camping-antiochedoleron.com\/\",\"name\":\"Antioche d&#039;Ol\u00e9ron\",\"description\":\"\",\"inLanguage\":\"de-DE\"}]}<\/script>\n<!-- \/ Yoast SEO plugin. -->","yoast_head_json":{"title":"Campingplatz mit Kinderclub | 3* Campingplatz Antioche d'Ol\u00e9ron","description":"F\u00fcr das Vergn\u00fcgen der Kleinen entdecken Sie unseren Campingplatz mit Kinderclub. Planschbecken, Spielplatz und H\u00fcpfburg stehen auf dem Programm!","robots":{"index":"index","follow":"follow","max-snippet":"max-snippet:-1","max-image-preview":"max-image-preview:large","max-video-preview":"max-video-preview:-1"},"canonical":"https:\/\/www.camping-antiochedoleron.com\/de\/votre-camping-avec-club-enfants\/","og_locale":"de_DE","og_type":"article","og_title":"Campingplatz mit Kinderclub | 3* Campingplatz Antioche d'Ol\u00e9ron","og_description":"F\u00fcr das Vergn\u00fcgen der Kleinen entdecken Sie unseren Campingplatz mit Kinderclub. Planschbecken, Spielplatz und H\u00fcpfburg stehen auf dem Programm!","og_url":"https:\/\/www.camping-antiochedoleron.com\/de\/votre-camping-avec-club-enfants\/","og_site_name":"Antioche d&#039;Ol\u00e9ron","article_modified_time":"2022-08-03T12:33:38+00:00","og_image":[{"width":2560,"height":1707,"url":"https:\/\/www.camping-antiochedoleron.com\/wp-content\/uploads\/2021\/09\/JER_8319-scaled.jpg","type":"image\/jpeg"}],"twitter_card":"summary_large_image","twitter_misc":{"Est. reading time":"1 Minute"},"schema":{"@context":"https:\/\/schema.org","@graph":[{"@type":"WebPage","@id":"https:\/\/www.camping-antiochedoleron.com\/de\/votre-camping-avec-club-enfants\/","url":"https:\/\/www.camping-antiochedoleron.com\/de\/votre-camping-avec-club-enfants\/","name":"Campingplatz mit Kinderclub | 3* Campingplatz Antioche d'Ol\u00e9ron","isPartOf":{"@id":"https:\/\/www.camping-antiochedoleron.com\/#website"},"datePublished":"2021-08-24T08:34:54+00:00","dateModified":"2022-08-03T12:33:38+00:00","description":"F\u00fcr das Vergn\u00fcgen der Kleinen entdecken Sie unseren Campingplatz mit Kinderclub. Planschbecken, Spielplatz und H\u00fcpfburg stehen auf dem Programm!","breadcrumb":{"@id":"https:\/\/www.camping-antiochedoleron.com\/de\/votre-camping-avec-club-enfants\/#breadcrumb"},"inLanguage":"de-DE","potentialAction":[{"@type":"ReadAction","target":["https:\/\/www.camping-antiochedoleron.com\/de\/votre-camping-avec-club-enfants\/"]}]},{"@type":"BreadcrumbList","@id":"https:\/\/www.camping-antiochedoleron.com\/de\/votre-camping-avec-club-enfants\/#breadcrumb","itemListElement":[{"@type":"ListItem","position":1,"name":"CAMPING \u00ceLE D\u2019OL\u00c9RON","item":"https:\/\/www.camping-antiochedoleron.com\/de\/"},{"@type":"ListItem","position":2,"name":"Ihr Campingplatz mit Kinderclub"}]},{"@type":"WebSite","@id":"https:\/\/www.camping-antiochedoleron.com\/#website","url":"https:\/\/www.camping-antiochedoleron.com\/","name":"Antioche d&#039;Ol\u00e9ron","description":"","inLanguage":"de-DE"}]}},"_links":{"self":[{"href":"https:\/\/www.camping-antiochedoleron.com\/de\/wp-json\/wp\/v2\/pages\/1247"}],"collection":[{"href":"https:\/\/www.camping-antiochedoleron.com\/de\/wp-json\/wp\/v2\/pages"}],"about":[{"href":"https:\/\/www.camping-antiochedoleron.com\/de\/wp-json\/wp\/v2\/types\/page"}],"author":[{"embeddable":true,"href":"https:\/\/www.camping-antiochedoleron.com\/de\/wp-json\/wp\/v2\/users\/11"}],"replies":[{"embeddable":true,"href":"https:\/\/www.camping-antiochedoleron.com\/de\/wp-json\/wp\/v2\/comments?post=1247"}],"version-history":[{"count":5,"href":"https:\/\/www.camping-antiochedoleron.com\/de\/wp-json\/wp\/v2\/pages\/1247\/revisions"}],"predecessor-version":[{"id":1646,"href":"https:\/\/www.camping-antiochedoleron.com\/de\/wp-json\/wp\/v2\/pages\/1247\/revisions\/1646"}],"wp:featuredmedia":[{"embeddable":true,"href":"https:\/\/www.camping-antiochedoleron.com\/de\/wp-json\/wp\/v2\/media\/348"}],"wp:attachment":[{"href":"https:\/\/www.camping-antiochedoleron.com\/de\/wp-json\/wp\/v2\/media?parent=1247"}],"curies":[{"name":"wp","href":"https:\/\/api.w.org\/{rel}","templated":true}]}}